{"id":13033,"date":"2024-03-05T15:33:00","date_gmt":"2024-03-05T13:33:00","guid":{"rendered":"https:\/\/finnmaster.fi\/?post_type=product&#038;p=13033"},"modified":"2026-05-06T15:48:55","modified_gmt":"2026-05-06T12:48:55","slug":"r5","status":"publish","type":"product","link":"https:\/\/finnmaster.fi\/sv\/fleet\/r5\/","title":{"rendered":"R5"},"content":{"rendered":"<div id=\"Yleiskatsaus\" class=\"TextFiftyFifty wrap my-8 lg:my-16\">\n    <div class=\"flex flex-col lg:flex-row\">\n                    <div class=\"w-full lg:w-1\/2\">\n                                    <div class=\"Title h2 font-normal mb-6 lg:mb-0 w-10\/12\">R5 \u00e4r enkel och m\u00e5ngsidig.<\/div>\n                            <\/div>\n                    <div class=\"w-full lg:w-1\/2\">\n                                    <div class=\"Text p text-custom-dark\"><p>Ibland kan det vara sk\u00f6nt att bara g\u00f6ra det enkelt f\u00f6r sig och d\u00e5 \u00e4r Finnmaster R5 b\u00e5ten f\u00f6r dig. Denna bow rider \u00e4r m\u00e5ngsidig och fungerar precis lika bra vid korta f\u00f6rbindelseturer och transport till sommarstugan som f\u00f6r of\u00f6rgl\u00f6mliga sommardagar i sk\u00e4rg\u00e5rden. Tack vare v\u00e5rt Smart Design-koncept \u00e4r Finnmaster R5 \u00e4ven mycket enkel att anv\u00e4nda vilket g\u00f6r att hela familjen kan njuta av alltifr\u00e5n fartfyllda vattensporter till sk\u00f6na badturer vid outforskade naturhamnar.<\/p>\n<\/div>\n                            <\/div>\n            <\/div>\n<\/div>\n\n\n<div class=\"Image flex my-12 w-full wrap_xl\" >\n    <picture class=\"w-full \">\n        \n        <source\n            srcset=\"\n                                            https:\/\/finnmaster.fi\/app\/uploads\/2024\/03\/2025-r5-150x150.png 150w,\n                                            https:\/\/finnmaster.fi\/app\/uploads\/2024\/03\/2025-r5-300x152.png 300w,\n                                            https:\/\/finnmaster.fi\/app\/uploads\/2024\/03\/2025-r5-768x390.png 768w,\n                                            https:\/\/finnmaster.fi\/app\/uploads\/2024\/03\/2025-r5-1024x520.png 1024w,\n                                            https:\/\/finnmaster.fi\/app\/uploads\/2024\/03\/2025-r5.png 1126w,\n                                            https:\/\/finnmaster.fi\/app\/uploads\/2024\/03\/2025-r5.png 1126w,\n                                    \"\n        \/>\n        <img decoding=\"async\" class=\"lg:w-7\/12 mx-auto object-cover\" src=\"https:\/\/finnmaster.fi\/app\/uploads\/2024\/03\/2025-r5.png\" alt=\"\" \/>\n    <\/picture>\n<\/div>\n\n\n<div class=\"ThreeImages flex my-20 mt-40\" >\n    <div class=\"threeImage-swiper mx-auto relative overflow-hidden\">\n        <div class=\"swiper-wrapper !h-auto\">\n\n                            <div class=\"swiper-slide\">\n                        <a href=\"https:\/\/finnmaster.fi\/app\/uploads\/2024\/03\/r5_4.jpg\">\n                            <picture class=\"w-full \">\n                                \n                                <source\n                                    srcset=\"\n                                                                                            https:\/\/finnmaster.fi\/app\/uploads\/2024\/03\/r5_4-150x150.jpg 150w,\n                                                                                            https:\/\/finnmaster.fi\/app\/uploads\/2024\/03\/r5_4-300x300.jpg 300w,\n                                                                                            https:\/\/finnmaster.fi\/app\/uploads\/2024\/03\/r5_4-768x768.jpg 768w,\n                                                                                            https:\/\/finnmaster.fi\/app\/uploads\/2024\/03\/r5_4-1024x1024.jpg 1024w,\n                                                                                            https:\/\/finnmaster.fi\/app\/uploads\/2024\/03\/r5_4.jpg 1080w,\n                                                                                            https:\/\/finnmaster.fi\/app\/uploads\/2024\/03\/r5_4.jpg 1080w,\n                                                                                    \"\n                                \/>\n                                <img decoding=\"async\" class=\"aspect-square w-full object-cover\" src=\"https:\/\/finnmaster.fi\/app\/uploads\/2024\/03\/r5_4.jpg\" alt=\"\" \/>\n                            <\/picture>\n                        <\/a>\n                <\/div>\n                            <div class=\"swiper-slide\">\n                        <a href=\"https:\/\/finnmaster.fi\/app\/uploads\/2024\/03\/20250925_133840-scaled.jpg\">\n                            <picture class=\"w-full \">\n                                \n                                <source\n                                    srcset=\"\n                                                                                            https:\/\/finnmaster.fi\/app\/uploads\/2024\/03\/20250925_133840-150x150.jpg 150w,\n                                                                                            https:\/\/finnmaster.fi\/app\/uploads\/2024\/03\/20250925_133840-300x300.jpg 300w,\n                                                                                            https:\/\/finnmaster.fi\/app\/uploads\/2024\/03\/20250925_133840-768x768.jpg 768w,\n                                                                                            https:\/\/finnmaster.fi\/app\/uploads\/2024\/03\/20250925_133840-1024x1024.jpg 1024w,\n                                                                                            https:\/\/finnmaster.fi\/app\/uploads\/2024\/03\/20250925_133840-1536x1536.jpg 1536w,\n                                                                                            https:\/\/finnmaster.fi\/app\/uploads\/2024\/03\/20250925_133840-2048x2048.jpg 2048w,\n                                                                                    \"\n                                \/>\n                                <img decoding=\"async\" class=\"aspect-square w-full object-cover\" src=\"https:\/\/finnmaster.fi\/app\/uploads\/2024\/03\/20250925_133840-scaled.jpg\" alt=\"\" \/>\n                            <\/picture>\n                        <\/a>\n                <\/div>\n                            <div class=\"swiper-slide\">\n                        <a href=\"https:\/\/finnmaster.fi\/app\/uploads\/2024\/03\/20250925_132826-scaled.jpg\">\n                            <picture class=\"w-full \">\n                                \n                                <source\n                                    srcset=\"\n                                                                                            https:\/\/finnmaster.fi\/app\/uploads\/2024\/03\/20250925_132826-150x150.jpg 150w,\n                                                                                            https:\/\/finnmaster.fi\/app\/uploads\/2024\/03\/20250925_132826-300x300.jpg 300w,\n                                                                                            https:\/\/finnmaster.fi\/app\/uploads\/2024\/03\/20250925_132826-768x768.jpg 768w,\n                                                                                            https:\/\/finnmaster.fi\/app\/uploads\/2024\/03\/20250925_132826-1024x1024.jpg 1024w,\n                                                                                            https:\/\/finnmaster.fi\/app\/uploads\/2024\/03\/20250925_132826-1536x1536.jpg 1536w,\n                                                                                            https:\/\/finnmaster.fi\/app\/uploads\/2024\/03\/20250925_132826-2048x2048.jpg 2048w,\n                                                                                    \"\n                                \/>\n                                <img decoding=\"async\" class=\"aspect-square w-full object-cover\" src=\"https:\/\/finnmaster.fi\/app\/uploads\/2024\/03\/20250925_132826-scaled.jpg\" alt=\"\" \/>\n                            <\/picture>\n                        <\/a>\n                <\/div>\n            \n        <\/div>\n\n\n    <\/div>\n<\/div>\n\n<div class=\"w-11\/12 mx-auto relative mb-36 lg:mb-0\">\n    <div         class=\"!w-[calc(50%+1rem)] swiper-button-prev after:!content-none !justify-start   !text-white bg-custom-dark pl-8 md:-mr-6 hover:bg-custom-red transition-colors\"\n        style=\"\n        clip-path:polygon(0 0,100% 0,100% calc(100% - 57px),0 100%);\n        -webkit-clip-path: polygon(0 0,100% 0,calc(100% - 57px) 100%,0 100%);\"\n    ><svg xmlns=\"http:\/\/www.w3.org\/2000\/svg\" fill=\"none\" viewBox=\"0 0 24 24\" stroke-width=\"1.5\" stroke=\"currentColor\" class=\"w-8 h-8\">\n  <path stroke-linecap=\"round\" stroke-linejoin=\"round\" d=\"M6.75 15.75 3 12m0 0 3.75-3.75M3 12h18\" \/>\n<\/svg>\n<\/div>\n\n    <div         class=\"!w-[calc(50%+1rem)] swiper-button-next after:!content-none !justify-end  !text-white bg-custom-dark pr-8 hover:bg-custom-red transition-colors\"\n        style=\"\n            clip-path:polygon(57px 0,100% 0,100% 100%,0 100%);\n            -webkit-clip-path: polygon(57px 0,100% 0,100% 100%,0 100%);\"\n    ><svg xmlns=\"http:\/\/www.w3.org\/2000\/svg\" fill=\"none\" viewBox=\"0 0 24 24\" stroke-width=\"1.5\" stroke=\"currentColor\" class=\"w-8 h-8\">\n  <path stroke-linecap=\"round\" stroke-linejoin=\"round\" d=\"M17.25 8.25 21 12m0 0-3.75 3.75M21 12H3\" \/>\n<\/svg>\n<\/div>\n<\/div>\n\n\n<div  class=\"TextFiftyFifty wrap my-8 lg:my-16\">\n    <div class=\"flex flex-col lg:flex-row\">\n                    <div class=\"w-full lg:w-1\/2\">\n                                    <div class=\"Title h2 font-normal mb-6 lg:mb-0 w-10\/12\">Layout och smart design<\/div>\n                            <\/div>\n                    <div class=\"w-full lg:w-1\/2\">\n                                    <div class=\"Text p text-custom-dark\"><p>Vi p\u00e5 Finnmaster har designat, konstruerat och producerat b\u00e5tar p\u00e5 v\u00e5rt varv i Finland i \u00f6ver 30 \u00e5r. Under de h\u00e4r \u00e5ren har vi jobbat h\u00e5rt med att utveckla smarta l\u00f6sningar som till exempel inneb\u00e4r att du alltid har n\u00e5gonstans att stuva undan fendrar, bara sekunder efter du kastat loss. Du beh\u00f6ver heller inte flytta p\u00e5 dynorna n\u00e4r du ska stuva undan i f\u00f6rvaringsutrymmen. Vi kallar v\u00e5rt koncept f\u00f6r Smart Design vilket inneb\u00e4r att vi syr ihop form med inneh\u00e5ll f\u00f6r att underl\u00e4tta livet till sj\u00f6ss \u2013 oavsett vad du anv\u00e4nder din b\u00e5t till. L\u00f6sningarna hj\u00e4lper inte bara till att knyta samman genomt\u00e4nkta och praktiska detaljer med snygg och modern design. De inneb\u00e4r framf\u00f6rallt att s\u00e5v\u00e4l den kompetente kaptenen som den nyfikne nyb\u00f6rjaren kan f\u00e5 en underbar upplevelse p\u00e5 sj\u00f6n.<\/p>\n<\/div>\n                            <\/div>\n            <\/div>\n<\/div>\n\n\n<div id=\"\" class=\"InteractiveImage wrap flex justify-center items-center h-[100vh] lg:h-auto my-8 lg:my-40\">\n\t<div class=\"BoatImage relative h-auto w-[100vh] lg:w-[90%] mx-auto -rotate-90 lg:rotate-0\">\n\t\t        <img decoding=\"async\" class=\"min-w-[90vh] lg:min-w-[auto] w-full object-cover\" src=\"https:\/\/finnmaster.fi\/app\/uploads\/2024\/03\/Finnmaster-R5_layout2025.jpg\" alt=\"\">\n\t\t\t\t\t            <button id=\"equipment-1\" class=\"Equipment-btn absolute -translate-y-1\/2 -translate-x-1\/2 z-1 rounded-full transition-all duration-200 border-2 hover:border-3 border-solid border-white bg-[hsla(0,0%,98%,.7)] hover:bg-[hsla(0,0%,100%,.4)]  w-[clamp(40px,5vw,84px)] hover:w-[clamp(40px,5vw,90px)] h-[clamp(40px,5vw,84px)] hover:h-[clamp(40px,5vw,90px)] bottom-[30%] left-[85%]\"><\/button>\n\t\t\t            <div id=\"equipment-1\" class=\"Equipment-modal z-10 rotate-90 lg:rotate-0 animate-expand lg:animate-expandDesk absolute hidden p-5 bg-[hsla(0,0%,100%,.5)] backdrop-blur-[56px] top-1\/2 left-1\/2 -translate-y-1\/2 -translate-x-1\/2 w-[75%] max-w-[300px] sm:max-w-[420px] aspect-[6\/5] shadow-[0_4px_70px_rgba(0,0,0,.1)] box-border flex-col justify-between gap-[5%]  \">\n\t\t\t\t<div class=\"relative\">\n\t\t\t\t\t<h4 class=\"h3 uppercase\">\n\t\t\t\t\t\tL\u00c4TT ATT STIG OMBORD\n\t\t\t\t\t<\/h4>\n\t\t\t\t\t<button id=\"equipment-1\" class=\"Equipment-close-btn absolute top-0 right-0 \">\n\t\t\t\t\t\t<svg xmlns=\"http:\/\/www.w3.org\/2000\/svg\" fill=\"none\" viewbox=\"0 0 24 24\" stroke-width=\"2.5\" stroke=\"currentColor\" class=\"w-8 h-8\">\n\t\t\t\t\t\t\t<path stroke-linecap=\"round\" stroke-linejoin=\"round\" d=\"M6 18 18 6M6 6l12 12\"\/>\n\t\t\t\t\t\t<\/svg>\n\t\t\t\t\t<\/button>\n\t\t\t\t<\/div>\n\t\t\t\t<img decoding=\"async\" src=\"https:\/\/finnmaster.fi\/app\/uploads\/2024\/03\/Finnmaster-S5_2022_fenders-1.jpg\" alt=\"\">\n\t\t\t<\/div>\n\t\t\t\t\t            <button id=\"equipment-2\" class=\"Equipment-btn absolute -translate-y-1\/2 -translate-x-1\/2 z-1 rounded-full transition-all duration-200 border-2 hover:border-3 border-solid border-white bg-[hsla(0,0%,98%,.7)] hover:bg-[hsla(0,0%,100%,.4)]  w-[clamp(40px,5vw,84px)] hover:w-[clamp(40px,5vw,90px)] h-[clamp(40px,5vw,84px)] hover:h-[clamp(40px,5vw,90px)] bottom-[54%] left-[62%]\"><\/button>\n\t\t\t            <div id=\"equipment-2\" class=\"Equipment-modal z-10 rotate-90 lg:rotate-0 animate-expand lg:animate-expandDesk absolute hidden p-5 bg-[hsla(0,0%,100%,.5)] backdrop-blur-[56px] top-1\/2 left-1\/2 -translate-y-1\/2 -translate-x-1\/2 w-[75%] max-w-[300px] sm:max-w-[420px] aspect-[6\/5] shadow-[0_4px_70px_rgba(0,0,0,.1)] box-border flex-col justify-between gap-[5%]  \">\n\t\t\t\t<div class=\"relative\">\n\t\t\t\t\t<h4 class=\"h3 uppercase\">\n\t\t\t\t\t\tGENOMT\u00c4NKT F\u00d6RVARING\n\t\t\t\t\t<\/h4>\n\t\t\t\t\t<button id=\"equipment-2\" class=\"Equipment-close-btn absolute top-0 right-0 \">\n\t\t\t\t\t\t<svg xmlns=\"http:\/\/www.w3.org\/2000\/svg\" fill=\"none\" viewbox=\"0 0 24 24\" stroke-width=\"2.5\" stroke=\"currentColor\" class=\"w-8 h-8\">\n\t\t\t\t\t\t\t<path stroke-linecap=\"round\" stroke-linejoin=\"round\" d=\"M6 18 18 6M6 6l12 12\"\/>\n\t\t\t\t\t\t<\/svg>\n\t\t\t\t\t<\/button>\n\t\t\t\t<\/div>\n\t\t\t\t<img decoding=\"async\" src=\"https:\/\/finnmaster.fi\/app\/uploads\/2024\/03\/Finnmaster-R5_smart-storage.jpg\" alt=\"\">\n\t\t\t<\/div>\n\t\t\t\t\t            <button id=\"equipment-3\" class=\"Equipment-btn absolute -translate-y-1\/2 -translate-x-1\/2 z-1 rounded-full transition-all duration-200 border-2 hover:border-3 border-solid border-white bg-[hsla(0,0%,98%,.7)] hover:bg-[hsla(0,0%,100%,.4)]  w-[clamp(40px,5vw,84px)] hover:w-[clamp(40px,5vw,90px)] h-[clamp(40px,5vw,84px)] hover:h-[clamp(40px,5vw,90px)] bottom-[30%] left-[45%]\"><\/button>\n\t\t\t            <div id=\"equipment-3\" class=\"Equipment-modal z-10 rotate-90 lg:rotate-0 animate-expand lg:animate-expandDesk absolute hidden p-5 bg-[hsla(0,0%,100%,.5)] backdrop-blur-[56px] top-1\/2 left-1\/2 -translate-y-1\/2 -translate-x-1\/2 w-[75%] max-w-[300px] sm:max-w-[420px] aspect-[6\/5] shadow-[0_4px_70px_rgba(0,0,0,.1)] box-border flex-col justify-between gap-[5%]  \">\n\t\t\t\t<div class=\"relative\">\n\t\t\t\t\t<h4 class=\"h3 uppercase\">\n\t\t\t\t\t\tROTERANDE STOLAR\n\t\t\t\t\t<\/h4>\n\t\t\t\t\t<button id=\"equipment-3\" class=\"Equipment-close-btn absolute top-0 right-0 \">\n\t\t\t\t\t\t<svg xmlns=\"http:\/\/www.w3.org\/2000\/svg\" fill=\"none\" viewbox=\"0 0 24 24\" stroke-width=\"2.5\" stroke=\"currentColor\" class=\"w-8 h-8\">\n\t\t\t\t\t\t\t<path stroke-linecap=\"round\" stroke-linejoin=\"round\" d=\"M6 18 18 6M6 6l12 12\"\/>\n\t\t\t\t\t\t<\/svg>\n\t\t\t\t\t<\/button>\n\t\t\t\t<\/div>\n\t\t\t\t<img decoding=\"async\" src=\"https:\/\/finnmaster.fi\/app\/uploads\/2024\/03\/0be5b3.webp\" alt=\"\">\n\t\t\t<\/div>\n\t\t\t\t\t            <button id=\"equipment-4\" class=\"Equipment-btn absolute -translate-y-1\/2 -translate-x-1\/2 z-1 rounded-full transition-all duration-200 border-2 hover:border-3 border-solid border-white bg-[hsla(0,0%,98%,.7)] hover:bg-[hsla(0,0%,100%,.4)]  w-[clamp(40px,5vw,84px)] hover:w-[clamp(40px,5vw,90px)] h-[clamp(40px,5vw,84px)] hover:h-[clamp(40px,5vw,90px)] bottom-[6%] left-[55%]\"><\/button>\n\t\t\t            <div id=\"equipment-4\" class=\"Equipment-modal z-10 rotate-90 lg:rotate-0 animate-expand lg:animate-expandDesk absolute hidden p-5 bg-[hsla(0,0%,100%,.5)] backdrop-blur-[56px] top-1\/2 left-1\/2 -translate-y-1\/2 -translate-x-1\/2 w-[75%] max-w-[300px] sm:max-w-[420px] aspect-[6\/5] shadow-[0_4px_70px_rgba(0,0,0,.1)] box-border flex-col justify-between gap-[5%]  \">\n\t\t\t\t<div class=\"relative\">\n\t\t\t\t\t<h4 class=\"h3 uppercase\">\n\t\t\t\t\t\tERGONOMISK F\u00d6RARPLATS\n\t\t\t\t\t<\/h4>\n\t\t\t\t\t<button id=\"equipment-4\" class=\"Equipment-close-btn absolute top-0 right-0 \">\n\t\t\t\t\t\t<svg xmlns=\"http:\/\/www.w3.org\/2000\/svg\" fill=\"none\" viewbox=\"0 0 24 24\" stroke-width=\"2.5\" stroke=\"currentColor\" class=\"w-8 h-8\">\n\t\t\t\t\t\t\t<path stroke-linecap=\"round\" stroke-linejoin=\"round\" d=\"M6 18 18 6M6 6l12 12\"\/>\n\t\t\t\t\t\t<\/svg>\n\t\t\t\t\t<\/button>\n\t\t\t\t<\/div>\n\t\t\t\t<img decoding=\"async\" src=\"https:\/\/finnmaster.fi\/app\/uploads\/2024\/03\/Finnmaster-R5_ergonomic-helm.jpg\" alt=\"\">\n\t\t\t<\/div>\n\t\t\t<\/div>\n<\/div>\n","protected":false},"parent":0,"menu_order":10,"template":"","product-type":[205],"class_list":["post-13033","product","type-product","status-publish","hentry","product-type-bow-rider-sv"],"acf":[],"yoast_head":"<!-- This site is optimized with the Yoast SEO plugin v27.1.1 - https:\/\/yoast.com\/product\/yoast-seo-wordpress\/ -->\n<title>R5 - Finnmaster-veneet<\/title>\n<meta name=\"robots\" content=\"index, follow, max-snippet:-1, max-image-preview:large, max-video-preview:-1\" \/>\n<link rel=\"canonical\" href=\"https:\/\/finnmaster.fi\/sv\/fleet\/r5\/\" \/>\n<meta property=\"og:locale\" content=\"sv_SE\" \/>\n<meta property=\"og:type\" content=\"article\" \/>\n<meta property=\"og:title\" content=\"R5 - Finnmaster-veneet\" \/>\n<meta property=\"og:url\" content=\"https:\/\/finnmaster.fi\/sv\/fleet\/r5\/\" \/>\n<meta property=\"og:site_name\" content=\"Finnmaster-veneet\" \/>\n<meta property=\"article:modified_time\" content=\"2026-05-06T12:48:55+00:00\" \/>\n<meta name=\"twitter:card\" content=\"summary_large_image\" \/>\n<script type=\"application\/ld+json\" class=\"yoast-schema-graph\">{\"@context\":\"https:\/\/schema.org\",\"@graph\":[{\"@type\":\"WebPage\",\"@id\":\"https:\/\/finnmaster.fi\/sv\/fleet\/r5\/\",\"url\":\"https:\/\/finnmaster.fi\/sv\/fleet\/r5\/\",\"name\":\"R5 - Finnmaster-veneet\",\"isPartOf\":{\"@id\":\"https:\/\/finnmaster.fi\/#website\"},\"datePublished\":\"2024-03-05T13:33:00+00:00\",\"dateModified\":\"2026-05-06T12:48:55+00:00\",\"breadcrumb\":{\"@id\":\"https:\/\/finnmaster.fi\/sv\/fleet\/r5\/#breadcrumb\"},\"inLanguage\":\"sv-SE\",\"potentialAction\":[{\"@type\":\"ReadAction\",\"target\":[\"https:\/\/finnmaster.fi\/sv\/fleet\/r5\/\"]}]},{\"@type\":\"BreadcrumbList\",\"@id\":\"https:\/\/finnmaster.fi\/sv\/fleet\/r5\/#breadcrumb\",\"itemListElement\":[{\"@type\":\"ListItem\",\"position\":1,\"name\":\"Home\",\"item\":\"https:\/\/finnmaster.fi\/sv\/\"},{\"@type\":\"ListItem\",\"position\":2,\"name\":\"R5\"}]},{\"@type\":\"WebSite\",\"@id\":\"https:\/\/finnmaster.fi\/#website\",\"url\":\"https:\/\/finnmaster.fi\/\",\"name\":\"Finnmaster-veneet\",\"description\":\"High-class Power Boats\",\"potentialAction\":[{\"@type\":\"SearchAction\",\"target\":{\"@type\":\"EntryPoint\",\"urlTemplate\":\"https:\/\/finnmaster.fi\/?s={search_term_string}\"},\"query-input\":{\"@type\":\"PropertyValueSpecification\",\"valueRequired\":true,\"valueName\":\"search_term_string\"}}],\"inLanguage\":\"sv-SE\"}]}<\/script>\n<!-- \/ Yoast SEO plugin. -->","yoast_head_json":{"title":"R5 - Finnmaster-veneet","robots":{"index":"index","follow":"follow","max-snippet":"max-snippet:-1","max-image-preview":"max-image-preview:large","max-video-preview":"max-video-preview:-1"},"canonical":"https:\/\/finnmaster.fi\/sv\/fleet\/r5\/","og_locale":"sv_SE","og_type":"article","og_title":"R5 - Finnmaster-veneet","og_url":"https:\/\/finnmaster.fi\/sv\/fleet\/r5\/","og_site_name":"Finnmaster-veneet","article_modified_time":"2026-05-06T12:48:55+00:00","twitter_card":"summary_large_image","schema":{"@context":"https:\/\/schema.org","@graph":[{"@type":"WebPage","@id":"https:\/\/finnmaster.fi\/sv\/fleet\/r5\/","url":"https:\/\/finnmaster.fi\/sv\/fleet\/r5\/","name":"R5 - Finnmaster-veneet","isPartOf":{"@id":"https:\/\/finnmaster.fi\/#website"},"datePublished":"2024-03-05T13:33:00+00:00","dateModified":"2026-05-06T12:48:55+00:00","breadcrumb":{"@id":"https:\/\/finnmaster.fi\/sv\/fleet\/r5\/#breadcrumb"},"inLanguage":"sv-SE","potentialAction":[{"@type":"ReadAction","target":["https:\/\/finnmaster.fi\/sv\/fleet\/r5\/"]}]},{"@type":"BreadcrumbList","@id":"https:\/\/finnmaster.fi\/sv\/fleet\/r5\/#breadcrumb","itemListElement":[{"@type":"ListItem","position":1,"name":"Home","item":"https:\/\/finnmaster.fi\/sv\/"},{"@type":"ListItem","position":2,"name":"R5"}]},{"@type":"WebSite","@id":"https:\/\/finnmaster.fi\/#website","url":"https:\/\/finnmaster.fi\/","name":"Finnmaster-veneet","description":"High-class Power Boats","potentialAction":[{"@type":"SearchAction","target":{"@type":"EntryPoint","urlTemplate":"https:\/\/finnmaster.fi\/?s={search_term_string}"},"query-input":{"@type":"PropertyValueSpecification","valueRequired":true,"valueName":"search_term_string"}}],"inLanguage":"sv-SE"}]}},"_links":{"self":[{"href":"https:\/\/finnmaster.fi\/sv\/wp-json\/wp\/v2\/product\/13033","targetHints":{"allow":["GET"]}}],"collection":[{"href":"https:\/\/finnmaster.fi\/sv\/wp-json\/wp\/v2\/product"}],"about":[{"href":"https:\/\/finnmaster.fi\/sv\/wp-json\/wp\/v2\/types\/product"}],"wp:attachment":[{"href":"https:\/\/finnmaster.fi\/sv\/wp-json\/wp\/v2\/media?parent=13033"}],"wp:term":[{"taxonomy":"product-type","embeddable":true,"href":"https:\/\/finnmaster.fi\/sv\/wp-json\/wp\/v2\/product-type?post=13033"}],"curies":[{"name":"wp","href":"https:\/\/api.w.org\/{rel}","templated":true}]}}