{"id":6494,"date":"2024-03-11T11:59:36","date_gmt":"2024-03-11T09:59:36","guid":{"rendered":"https:\/\/finnmaster.fi\/jalleenmyyjat\/"},"modified":"2024-03-27T13:45:31","modified_gmt":"2024-03-27T11:45:31","slug":"dealers","status":"publish","type":"page","link":"https:\/\/finnmaster.fi\/sv\/dealers\/","title":{"rendered":"\u00c5terf\u00f6rs\u00e4ljare"},"content":{"rendered":"\n<div style=\"height:80px\" aria-hidden=\"true\" class=\"wp-block-spacer\"><\/div>\n\n\n\t\t    <div class=\"custom\">\n\t\t    <script>\n\t\t        var store_locator_map_options  =  {\"enable\":\"1\",\"width\":\"100\",\"widthunit\":\"%\",\"height\":\"850\",\"heightunit\":\"px\",\"type\":\"roadmap\",\"direction\":\"gmap\",\"unit\":\"km\",\"zoomlevel\":\"100\",\"markerzoom\":\"16\",\"fill_color\":\"#ccc\",\"radius\":\"5,10,25,50,100,200,500,1000, [10000000]\",\"showStoresOnMapMovement\":\"0\",\"streetViewControl\":\"0\",\"getlocation\":\"1\",\"mapscrollsearch\":\"1\",\"mapTypeControl\":\"0\",\"scroll\":\"0\",\"mappoi\":\"1\",\"default_search\":\"1\",\"search_field_get_my_location\":\"hide-field\",\"search_field_radius\":\"hide-field\",\"category\":\"hide-field\",\"tag\":\"hide-field\",\"reset_map\":\"hide-field\",\"map_window_open\":\"1\",\"map_style\":\"1\",\"marker1\":\"https:\\\/\\\/finnmaster.fi\\\/app\\\/plugins\\\/wp-multi-store-locator-pro\\\/assets\\\/img\\\/red.png\",\"marker1_custom\":\"\",\"marker2\":\"https:\\\/\\\/finnmaster.fi\\\/app\\\/plugins\\\/wp-multi-store-locator-pro\\\/assets\\\/img\\\/orange.png\",\"marker2_custom\":\"\",\"infowindow\":\"<div><div>{image}<\\\/div><h3>{name}<\\\/h3><span>{address},\\u00a0{zipcode}\\u00a0{city}<\\\/span><span>{phone}<\\\/span><p>{email}<\\\/p><span>{website}<\\\/span><div>\",\"custom_style\":\"[\\r\\n    {\\r\\n        \\\"featureType\\\": \\\"all\\\",\\r\\n        \\\"elementType\\\": \\\"geometry.fill\\\",\\r\\n        \\\"stylers\\\": [\\r\\n            {\\r\\n                \\\"weight\\\": \\\"2.00\\\"\\r\\n            }\\r\\n        ]\\r\\n    },\\r\\n    {\\r\\n        \\\"featureType\\\": \\\"all\\\",\\r\\n        \\\"elementType\\\": \\\"geometry.stroke\\\",\\r\\n        \\\"stylers\\\": [\\r\\n            {\\r\\n                \\\"color\\\": \\\"#9c9c9c\\\"\\r\\n            }\\r\\n        ]\\r\\n    },\\r\\n    {\\r\\n        \\\"featureType\\\": \\\"all\\\",\\r\\n        \\\"elementType\\\": \\\"labels.text\\\",\\r\\n        \\\"stylers\\\": [\\r\\n            {\\r\\n                \\\"visibility\\\": \\\"on\\\"\\r\\n            }\\r\\n        ]\\r\\n    },\\r\\n    {\\r\\n        \\\"featureType\\\": \\\"landscape\\\",\\r\\n        \\\"elementType\\\": \\\"all\\\",\\r\\n        \\\"stylers\\\": [\\r\\n            {\\r\\n                \\\"color\\\": \\\"#f2f2f2\\\"\\r\\n            }\\r\\n        ]\\r\\n    },\\r\\n    {\\r\\n        \\\"featureType\\\": \\\"landscape\\\",\\r\\n        \\\"elementType\\\": \\\"geometry.fill\\\",\\r\\n        \\\"stylers\\\": [\\r\\n            {\\r\\n                \\\"color\\\": \\\"#ffffff\\\"\\r\\n            }\\r\\n        ]\\r\\n    },\\r\\n    {\\r\\n        \\\"featureType\\\": \\\"landscape.man_made\\\",\\r\\n        \\\"elementType\\\": \\\"geometry.fill\\\",\\r\\n        \\\"stylers\\\": [\\r\\n            {\\r\\n                \\\"color\\\": \\\"#ffffff\\\"\\r\\n            }\\r\\n        ]\\r\\n    },\\r\\n    {\\r\\n        \\\"featureType\\\": \\\"poi\\\",\\r\\n        \\\"elementType\\\": \\\"all\\\",\\r\\n        \\\"stylers\\\": [\\r\\n            {\\r\\n                \\\"visibility\\\": \\\"off\\\"\\r\\n            }\\r\\n        ]\\r\\n    },\\r\\n    {\\r\\n        \\\"featureType\\\": \\\"road\\\",\\r\\n        \\\"elementType\\\": \\\"all\\\",\\r\\n        \\\"stylers\\\": [\\r\\n            {\\r\\n                \\\"saturation\\\": -100\\r\\n            },\\r\\n            {\\r\\n                \\\"lightness\\\": 45\\r\\n            }\\r\\n        ]\\r\\n    },\\r\\n    {\\r\\n        \\\"featureType\\\": \\\"road\\\",\\r\\n        \\\"elementType\\\": \\\"geometry.fill\\\",\\r\\n        \\\"stylers\\\": [\\r\\n            {\\r\\n                \\\"color\\\": \\\"#eeeeee\\\"\\r\\n            }\\r\\n        ]\\r\\n    },\\r\\n    {\\r\\n        \\\"featureType\\\": \\\"road\\\",\\r\\n        \\\"elementType\\\": \\\"labels.text.fill\\\",\\r\\n        \\\"stylers\\\": [\\r\\n            {\\r\\n                \\\"color\\\": \\\"#7b7b7b\\\"\\r\\n            }\\r\\n        ]\\r\\n    },\\r\\n    {\\r\\n        \\\"featureType\\\": \\\"road\\\",\\r\\n        \\\"elementType\\\": \\\"labels.text.stroke\\\",\\r\\n        \\\"stylers\\\": [\\r\\n            {\\r\\n                \\\"color\\\": \\\"#ffffff\\\"\\r\\n            }\\r\\n        ]\\r\\n    },\\r\\n    {\\r\\n        \\\"featureType\\\": \\\"road.highway\\\",\\r\\n        \\\"elementType\\\": \\\"all\\\",\\r\\n        \\\"stylers\\\": [\\r\\n            {\\r\\n                \\\"visibility\\\": \\\"simplified\\\"\\r\\n            }\\r\\n        ]\\r\\n    },\\r\\n    {\\r\\n        \\\"featureType\\\": \\\"road.arterial\\\",\\r\\n        \\\"elementType\\\": \\\"labels.icon\\\",\\r\\n        \\\"stylers\\\": [\\r\\n            {\\r\\n                \\\"visibility\\\": \\\"off\\\"\\r\\n            }\\r\\n        ]\\r\\n    },\\r\\n    {\\r\\n        \\\"featureType\\\": \\\"transit\\\",\\r\\n        \\\"elementType\\\": \\\"all\\\",\\r\\n        \\\"stylers\\\": [\\r\\n            {\\r\\n                \\\"visibility\\\": \\\"off\\\"\\r\\n            }\\r\\n        ]\\r\\n    },\\r\\n    {\\r\\n        \\\"featureType\\\": \\\"water\\\",\\r\\n        \\\"elementType\\\": \\\"all\\\",\\r\\n        \\\"stylers\\\": [\\r\\n            {\\r\\n                \\\"color\\\": \\\"#46bcec\\\"\\r\\n            },\\r\\n            {\\r\\n                \\\"visibility\\\": \\\"on\\\"\\r\\n            }\\r\\n        ]\\r\\n    },\\r\\n    {\\r\\n        \\\"featureType\\\": \\\"water\\\",\\r\\n        \\\"elementType\\\": \\\"geometry.fill\\\",\\r\\n        \\\"stylers\\\": [\\r\\n            {\\r\\n                \\\"color\\\": \\\"#c8d7d4\\\"\\r\\n            }\\r\\n        ]\\r\\n    },\\r\\n    {\\r\\n        \\\"featureType\\\": \\\"water\\\",\\r\\n        \\\"elementType\\\": \\\"labels.text.fill\\\",\\r\\n        \\\"stylers\\\": [\\r\\n            {\\r\\n                \\\"color\\\": \\\"#070707\\\"\\r\\n            }\\r\\n        ]\\r\\n    },\\r\\n    {\\r\\n        \\\"featureType\\\": \\\"water\\\",\\r\\n        \\\"elementType\\\": \\\"labels.text.stroke\\\",\\r\\n        \\\"stylers\\\": [\\r\\n            {\\r\\n                \\\"color\\\": \\\"#ffffff\\\"\\r\\n            }\\r\\n        ]\\r\\n    }\\r\\n]\\r\\n\\r\\n\"};\n\t\t        var store_locator_grid_options =  {\"enable\":\"1\",\"total_markers\":\"10000\",\"listing_position\":\"below_map\",\"search_window_position\":\"left\"};\n\t\t        setTimeout(function() {\n\t\t            \n\t\t            var bbb = ' Helsinki, Finland';\n\t\t            var bbb = bbb.replace(\"munsign\", \"\\'\");\n\t\t            \n\t\t            wpmsl_update_map(bbb,'10000000');\n\t\t            jQuery('#store_locatore_search_input').val(bbb);\n\t\t            jQuery('#store_locatore_search_radius option[value=\"10000000\"]').prop('selected', true);\n\t\t            if (jQuery.fn.niceSelect) {  \n\t\t                jQuery('#store_locatore_search_radius').niceSelect('update'); \n\t\t            }\n\t\t        },1000);\n\t\t    <\/script>\n\t\t    <script type='text\/javascript' src='https:\/\/finnmaster.fi\/app\/plugins\/wp-multi-store-locator-pro\/\/assets\/js\/custom_script.js'><\/script>\n\t\t    \t\t    <div class=\"row ob_stor-relocator\" id=\"store-locator-id\" style=\"height:850px;width:100%;\">\n\t\t           \t\t           \t\t<input id=\"store_locatore_map_id\" name=\"store_locatore_map_id\" type=\"hidden\" value=\"3293\">\n\t\t           \t\t<input id=\"store_locatore_direction_Addr\" name=\"store_locatore_direction_Addr\" type=\"hidden\" value=\" Helsinki, Finland\">\n\t\t                <input id=\"store_locatore_search_lat\" name=\"store_locatore_search_lat\" type=\"hidden\" value=\"60.16985569999999\">\n\t\t                <input id=\"store_locatore_search_lng\" name=\"store_locatore_search_lng\" type=\"hidden\" value=\"24.938379\">\n\t\t        \t\t        <div class=\"loader\"><div>\n\t\t            \t\t                \t\t                    \t\t\t<div class=\"col-left leftsidebar slide-left below_map-skip left\">\n\t\t\t\t<div class=\"map-search-window\">\n\t            \t\t\t    <div class=\"search-options-btn\" style=\"background-color:#000000;\"><a class=\"wpml-toggle-box\"><span class=\"dashicons dashicons-menu\"><\/span><\/a>\n\t\t\t    \tSearch Options\t\t\t    <\/div>\n\t\t\t    <div class=\"store-search-fields show_store_locator\">\n\t\t\t        <form id=\"store_locator_search_form\" >\n\t\t\t            <div class=\"store_locator_field hide-field\">\n\t\t\t               <input id=\"store_locatore_get_btn\" class=\"\" style=\"background-color:#000000;\" type=\"button\" value=\"Get My Location\" \/>\n\t\t\t            <\/div>\n\t\t\t            <div class=\"store_locator_field \">\n\t\t\t        <input id=\"store_locatore_search_input\"  class=\"wpsl_search_input \" name=\"store_locatore_search_input\" type=\"text\" placeholder=\"Location \/ Zip Code\">\n\t\t\t            <\/div>\n\t\t\t\t\t\t\t\t\t            <div class=\"store_locator_field hide-field\">\n\t\t\t            <select id=\"store_locatore_search_radius\" name=\"store_locatore_search_radius\" class=\"wpsl_search_radius \">\n\t\t\t                \t\t\t                    \t\t\t                    <option value=\"5\"  >5 km<\/option>\n\t\t\t                \t\t\t                    \t\t\t                    <option value=\"10\"  >10 km<\/option>\n\t\t\t                \t\t\t                    \t\t\t                    <option value=\"25\"  >25 km<\/option>\n\t\t\t                \t\t\t                    \t\t\t                    <option value=\"50\"  >50 km<\/option>\n\t\t\t                \t\t\t                    \t\t\t                    <option value=\"100\"  >100 km<\/option>\n\t\t\t                \t\t\t                    \t\t\t                    <option value=\"200\"  >200 km<\/option>\n\t\t\t                \t\t\t                    \t\t\t                    <option value=\"500\"  >500 km<\/option>\n\t\t\t                \t\t\t                    \t\t\t                    <option value=\"1000\"  >1000 km<\/option>\n\t\t\t                \t\t\t                    \t\t\t                    <option value=\" 10000000\" selected > 10000000 km<\/option>\n\t\t\t                \t\t\t            <\/select>\n\t\t\t        <\/div>\n\t\t\t        \t\t\t        <div class=\"store_locator_field hide-field\">\n\t\t\t            <select name=\"store_locator_category\" id=\"wpsl_store_locator_category\" class=\"wpsl_locator_category \">\n\t\t\t                <option value=\"\">Select Category <\/option>\n\t\t\t\t\t\t\t\t\t\t            <\/select>\n\t\t\t        <\/div>\n\t\t\t        \t\t\t        <div class=\"store_locator_field hide-field\">\n\t\t\t            <select name=\"store_locator_tag[]\" class=\"wpsl_locator_category \" id=\"store_locator_tag\" multiple=\"multiple\" placeholder=\"Select Tags\">\n\t\t\t\t\t\t\t\t\t\t            <\/select>\n\t\t\t        <\/div>\n\t\t\t        <div class=\"store_locator_field\">\n\t\t\t        \t<div class=\"map-btns\">               \n\t\t\t\t        <span><input id=\"store_locatore_search_btn\" style=\"background-color:#000000;\" type=\"submit\" value=\"Search\" \/><\/span>\n\t\t\t\t        \t\t\t\t\t    <\/div>\n\t\t\t    \t<\/div>\n\t\t        <\/form>\n\n\t\t\t\t<div class=\"reset_map_field hide-field\">\n\t\t\t        <div class=\"map-btns\">               \n\t\t\t\t        <button class=\"reset_store_locator\" style=\"background-color:#000000;\" onclick=\"reset_map( 10000000)\">Reset Map<\/button>\n\t\t\t\t\t<\/div>\n\t\t\t    <\/div>\n\n\t\t        <\/div>\n\t\t    <\/div>\n\t\t    \t        <\/div>\n\t\t\t  \n\t\t                \t\t                <div class=\"col-right right-sidebar\">\n\t\t\t\t\t\t\n\t\t                \t<!-- <div id=\"map-container\" style=\"position: relative;width: 100%;right: 0%;\" class=\"\"> -->\n\t\t                    <div id=\"map-container\" style=\"position: relative;width: 100%;right: 0%;\">\n\t\t                    <div id=\"store_locatore_search_results\"  ><\/div>\n\t\t                    <\/div>\n\t\t                          \n\t\t                <\/div>\n\t\t            <\/div>\n\t\t            <script>\n\t\t                \/\/ adding class in content div\n\t\t                jQuery( \".ob_stor-relocator\" ).addClass( \"full_width_div\" );\n\t\t                jQuery( \".loader\" ).append( '<img loading=\"lazy\" decoding=\"async\" class=\"load-img\" src=\"https:\/\/finnmaster.fi\/app\/plugins\/wp-multi-store-locator-pro\/assets\/img\/loader.gif\" width=\"350\" height=\"350\" >' );\n\t\t                jQuery( \".ob_stor-relocator\" ).append( '<div class=\"overlay-store\"><\/div>' );\n\t\t                jQuery(document).ready(function () {\n\t\t                    jQuery( \".closesidebar\" ).click(function() {\n\t\t                        jQuery( '.leftsidebar' ).toggleClass( \"slide-left\" );\n\t\t                        jQuery( this ).toggleClass( \"arrow_right\" );\n\t\t                    });\n\t\t                });\n\t\t            <\/script>\n\t\t        <\/div><\/div>\n\t\t                              <div class=\"map-listings below_map\" style=\"height: 850px\">\n                    <\/div>\n                   \n            <\/div>\n\t\t    \n","protected":false},"excerpt":{"rendered":"","protected":false},"author":1,"featured_media":0,"parent":0,"menu_order":0,"comment_status":"closed","ping_status":"closed","template":"","meta":{"_acf_changed":false,"_improvement_type_select":"improve_an_existing","_thumb_yes_seoaic":false,"_frame_yes_seoaic":false,"seoaic_generate_description":"","seoaic_improve_instructions_prompt":"","seoaic_rollback_content_improvement":"","seoaic_idea_thumbnail_generator":"","thumbnail_generated":false,"thumbnail_generate_prompt":"","seoaic_article_description":"","footnotes":""},"class_list":["post-6494","page","type-page","status-publish","hentry"],"acf":[],"yoast_head":"<!-- This site is optimized with the Yoast SEO plugin v27.1.1 - https:\/\/yoast.com\/product\/yoast-seo-wordpress\/ -->\n<title>\u00c5terf\u00f6rs\u00e4ljare - Finnmaster-veneet<\/title>\n<meta name=\"robots\" content=\"index, follow, max-snippet:-1, max-image-preview:large, max-video-preview:-1\" \/>\n<link rel=\"canonical\" href=\"https:\/\/finnmaster.web.mediasignal.dev\/sv\/dealers\/\" \/>\n<meta property=\"og:locale\" content=\"sv_SE\" \/>\n<meta property=\"og:type\" content=\"article\" \/>\n<meta property=\"og:title\" content=\"\u00c5terf\u00f6rs\u00e4ljare - Finnmaster-veneet\" \/>\n<meta property=\"og:url\" content=\"https:\/\/finnmaster.web.mediasignal.dev\/sv\/dealers\/\" \/>\n<meta property=\"og:site_name\" content=\"Finnmaster-veneet\" \/>\n<meta property=\"article:modified_time\" content=\"2024-03-27T11:45:31+00:00\" \/>\n<meta name=\"twitter:card\" content=\"summary_large_image\" \/>\n<meta name=\"twitter:label1\" content=\"Ber\u00e4knad l\u00e4stid\" \/>\n\t<meta name=\"twitter:data1\" content=\"1 minut\" \/>\n<script type=\"application\/ld+json\" class=\"yoast-schema-graph\">{\"@context\":\"https:\/\/schema.org\",\"@graph\":[{\"@type\":\"WebPage\",\"@id\":\"https:\/\/finnmaster.web.mediasignal.dev\/sv\/dealers\/\",\"url\":\"https:\/\/finnmaster.web.mediasignal.dev\/sv\/dealers\/\",\"name\":\"\u00c5terf\u00f6rs\u00e4ljare - Finnmaster-veneet\",\"isPartOf\":{\"@id\":\"https:\/\/finnmaster.fi\/#website\"},\"datePublished\":\"2024-03-11T09:59:36+00:00\",\"dateModified\":\"2024-03-27T11:45:31+00:00\",\"breadcrumb\":{\"@id\":\"https:\/\/finnmaster.web.mediasignal.dev\/sv\/dealers\/#breadcrumb\"},\"inLanguage\":\"sv-SE\",\"potentialAction\":[{\"@type\":\"ReadAction\",\"target\":[\"https:\/\/finnmaster.web.mediasignal.dev\/sv\/dealers\/\"]}]},{\"@type\":\"BreadcrumbList\",\"@id\":\"https:\/\/finnmaster.web.mediasignal.dev\/sv\/dealers\/#breadcrumb\",\"itemListElement\":[{\"@type\":\"ListItem\",\"position\":1,\"name\":\"Home\",\"item\":\"https:\/\/finnmaster.fi\/sv\/\"},{\"@type\":\"ListItem\",\"position\":2,\"name\":\"\u00c5terf\u00f6rs\u00e4ljare\"}]},{\"@type\":\"WebSite\",\"@id\":\"https:\/\/finnmaster.fi\/#website\",\"url\":\"https:\/\/finnmaster.fi\/\",\"name\":\"Finnmaster-veneet\",\"description\":\"High-class Power Boats\",\"potentialAction\":[{\"@type\":\"SearchAction\",\"target\":{\"@type\":\"EntryPoint\",\"urlTemplate\":\"https:\/\/finnmaster.fi\/?s={search_term_string}\"},\"query-input\":{\"@type\":\"PropertyValueSpecification\",\"valueRequired\":true,\"valueName\":\"search_term_string\"}}],\"inLanguage\":\"sv-SE\"}]}<\/script>\n<!-- \/ Yoast SEO plugin. -->","yoast_head_json":{"title":"\u00c5terf\u00f6rs\u00e4ljare - Finnmaster-veneet","robots":{"index":"index","follow":"follow","max-snippet":"max-snippet:-1","max-image-preview":"max-image-preview:large","max-video-preview":"max-video-preview:-1"},"canonical":"https:\/\/finnmaster.web.mediasignal.dev\/sv\/dealers\/","og_locale":"sv_SE","og_type":"article","og_title":"\u00c5terf\u00f6rs\u00e4ljare - Finnmaster-veneet","og_url":"https:\/\/finnmaster.web.mediasignal.dev\/sv\/dealers\/","og_site_name":"Finnmaster-veneet","article_modified_time":"2024-03-27T11:45:31+00:00","twitter_card":"summary_large_image","twitter_misc":{"Ber\u00e4knad l\u00e4stid":"1 minut"},"schema":{"@context":"https:\/\/schema.org","@graph":[{"@type":"WebPage","@id":"https:\/\/finnmaster.web.mediasignal.dev\/sv\/dealers\/","url":"https:\/\/finnmaster.web.mediasignal.dev\/sv\/dealers\/","name":"\u00c5terf\u00f6rs\u00e4ljare - Finnmaster-veneet","isPartOf":{"@id":"https:\/\/finnmaster.fi\/#website"},"datePublished":"2024-03-11T09:59:36+00:00","dateModified":"2024-03-27T11:45:31+00:00","breadcrumb":{"@id":"https:\/\/finnmaster.web.mediasignal.dev\/sv\/dealers\/#breadcrumb"},"inLanguage":"sv-SE","potentialAction":[{"@type":"ReadAction","target":["https:\/\/finnmaster.web.mediasignal.dev\/sv\/dealers\/"]}]},{"@type":"BreadcrumbList","@id":"https:\/\/finnmaster.web.mediasignal.dev\/sv\/dealers\/#breadcrumb","itemListElement":[{"@type":"ListItem","position":1,"name":"Home","item":"https:\/\/finnmaster.fi\/sv\/"},{"@type":"ListItem","position":2,"name":"\u00c5terf\u00f6rs\u00e4ljare"}]},{"@type":"WebSite","@id":"https:\/\/finnmaster.fi\/#website","url":"https:\/\/finnmaster.fi\/","name":"Finnmaster-veneet","description":"High-class Power Boats","potentialAction":[{"@type":"SearchAction","target":{"@type":"EntryPoint","urlTemplate":"https:\/\/finnmaster.fi\/?s={search_term_string}"},"query-input":{"@type":"PropertyValueSpecification","valueRequired":true,"valueName":"search_term_string"}}],"inLanguage":"sv-SE"}]}},"_links":{"self":[{"href":"https:\/\/finnmaster.fi\/sv\/wp-json\/wp\/v2\/pages\/6494","targetHints":{"allow":["GET"]}}],"collection":[{"href":"https:\/\/finnmaster.fi\/sv\/wp-json\/wp\/v2\/pages"}],"about":[{"href":"https:\/\/finnmaster.fi\/sv\/wp-json\/wp\/v2\/types\/page"}],"author":[{"embeddable":true,"href":"https:\/\/finnmaster.fi\/sv\/wp-json\/wp\/v2\/users\/1"}],"replies":[{"embeddable":true,"href":"https:\/\/finnmaster.fi\/sv\/wp-json\/wp\/v2\/comments?post=6494"}],"version-history":[{"count":1,"href":"https:\/\/finnmaster.fi\/sv\/wp-json\/wp\/v2\/pages\/6494\/revisions"}],"predecessor-version":[{"id":6496,"href":"https:\/\/finnmaster.fi\/sv\/wp-json\/wp\/v2\/pages\/6494\/revisions\/6496"}],"wp:attachment":[{"href":"https:\/\/finnmaster.fi\/sv\/wp-json\/wp\/v2\/media?parent=6494"}],"curies":[{"name":"wp","href":"https:\/\/api.w.org\/{rel}","templated":true}]}}