{"id":726,"date":"2024-03-04T12:26:17","date_gmt":"2024-03-04T10:26:17","guid":{"rendered":"https:\/\/finnmaster.fi\/?post_type=product&#038;p=726"},"modified":"2026-02-25T13:01:38","modified_gmt":"2026-02-25T11:01:38","slug":"husky-r6","status":"publish","type":"product","link":"https:\/\/finnmaster.fi\/fi\/fleet\/husky-r6\/","title":{"rendered":"Husky R6"},"content":{"rendered":"<div id=\"Yleiskatsaus\" class=\"TextFiftyFifty wrap my-8 lg:my-16\">\n    <div class=\"flex flex-col lg:flex-row\">\n                    <div class=\"w-full lg:w-1\/2\">\n                                    <div class=\"Title h2 font-normal mb-6 lg:mb-0 w-10\/12\">Husky R6 on yll\u00e4tt\u00e4v\u00e4 tehopakkaus.<\/div>\n                            <\/div>\n                    <div class=\"w-full lg:w-1\/2\">\n                                    <div class=\"Text p text-custom-dark\"><p>Husky R6 -alumiiniveneest\u00e4 on moneksi. Sen oivallinen merikelpoisuus ja vankka runko sek\u00e4 vahva ja laadukas alumiini pident\u00e4v\u00e4t veneilykautta useilla kuukausilla. Husky R6 sopii m\u00f6kkeilyyn, kalastukseen ja avarien tilojensa ansiosta my\u00f6s sujuvasti kulkevaksi yhteysveneeksi. Tukevien askelmien, korkeiden laitojen, avoimen keulakannen ja korkean tuulilasin ansiosta meriseikkailulle voi l\u00e4hte\u00e4 turvallisesti koko perheen voimin. T\u00e4ss\u00e4 Husky R6-alumiiniveneess\u00e4 on fiksut s\u00e4ilytystilat, mukavat istuimet sek\u00e4 k\u00e4yt\u00e4nn\u00f6llinen ja helppohoitoinen SmartDeck-lattia ja runko, joissa on hy\u00f6dynnetty uusinta alumiiniveneteknologiaa. T\u00e4m\u00e4 moottorivene sopii el\u00e4m\u00e4n pieniin ja suuriin hetkiin.<\/p>\n<\/div>\n                            <\/div>\n            <\/div>\n<\/div>\n\n\n<div class=\"Image flex my-12 w-full wrap_xl\" >\n    <picture class=\"w-full \">\n        \n        <source\n            srcset=\"\n                                            https:\/\/finnmaster.fi\/app\/uploads\/2024\/03\/Husky-R6_side-150x150.png 150w,\n                                            https:\/\/finnmaster.fi\/app\/uploads\/2024\/03\/Husky-R6_side-300x152.png 300w,\n                                            https:\/\/finnmaster.fi\/app\/uploads\/2024\/03\/Husky-R6_side-768x390.png 768w,\n                                            https:\/\/finnmaster.fi\/app\/uploads\/2024\/03\/Husky-R6_side-1024x520.png 1024w,\n                                            https:\/\/finnmaster.fi\/app\/uploads\/2024\/03\/Husky-R6_side.png 1126w,\n                                            https:\/\/finnmaster.fi\/app\/uploads\/2024\/03\/Husky-R6_side.png 1126w,\n                                    \"\n        \/>\n        <img decoding=\"async\" class=\"lg:w-7\/12 mx-auto object-cover\" src=\"https:\/\/finnmaster.fi\/app\/uploads\/2024\/03\/Husky-R6_side.png\" alt=\"\" \/>\n    <\/picture>\n<\/div>\n\n\n<div class=\"ThreeImages flex my-20 mt-40\" >\n    <div class=\"threeImage-swiper mx-auto relative overflow-hidden\">\n        <div class=\"swiper-wrapper !h-auto\">\n\n                            <div class=\"swiper-slide\">\n                        <a href=\"https:\/\/finnmaster.fi\/app\/uploads\/2024\/03\/Husky-R6_3.jpg\">\n                            <picture class=\"w-full \">\n                                \n                                <source\n                                    srcset=\"\n                                                                                            https:\/\/finnmaster.fi\/app\/uploads\/2024\/03\/Husky-R6_3-150x150.jpg 150w,\n                                                                                            https:\/\/finnmaster.fi\/app\/uploads\/2024\/03\/Husky-R6_3-300x300.jpg 300w,\n                                                                                            https:\/\/finnmaster.fi\/app\/uploads\/2024\/03\/Husky-R6_3-768x768.jpg 768w,\n                                                                                            https:\/\/finnmaster.fi\/app\/uploads\/2024\/03\/Husky-R6_3-1024x1024.jpg 1024w,\n                                                                                            https:\/\/finnmaster.fi\/app\/uploads\/2024\/03\/Husky-R6_3.jpg 1080w,\n                                                                                            https:\/\/finnmaster.fi\/app\/uploads\/2024\/03\/Husky-R6_3.jpg 1080w,\n                                                                                    \"\n                                \/>\n                                <img decoding=\"async\" class=\"aspect-square w-full object-cover\" src=\"https:\/\/finnmaster.fi\/app\/uploads\/2024\/03\/Husky-R6_3.jpg\" alt=\"\" \/>\n                            <\/picture>\n                        <\/a>\n                <\/div>\n                            <div class=\"swiper-slide\">\n                        <a href=\"https:\/\/finnmaster.fi\/app\/uploads\/2024\/03\/Husky-R6_1.jpg\">\n                            <picture class=\"w-full \">\n                                \n                                <source\n                                    srcset=\"\n                                                                                            https:\/\/finnmaster.fi\/app\/uploads\/2024\/03\/Husky-R6_1-150x150.jpg 150w,\n                                                                                            https:\/\/finnmaster.fi\/app\/uploads\/2024\/03\/Husky-R6_1-300x300.jpg 300w,\n                                                                                            https:\/\/finnmaster.fi\/app\/uploads\/2024\/03\/Husky-R6_1-768x768.jpg 768w,\n                                                                                            https:\/\/finnmaster.fi\/app\/uploads\/2024\/03\/Husky-R6_1-1024x1024.jpg 1024w,\n                                                                                            https:\/\/finnmaster.fi\/app\/uploads\/2024\/03\/Husky-R6_1.jpg 1080w,\n                                                                                            https:\/\/finnmaster.fi\/app\/uploads\/2024\/03\/Husky-R6_1.jpg 1080w,\n                                                                                    \"\n                                \/>\n                                <img decoding=\"async\" class=\"aspect-square w-full object-cover\" src=\"https:\/\/finnmaster.fi\/app\/uploads\/2024\/03\/Husky-R6_1.jpg\" alt=\"\" \/>\n                            <\/picture>\n                        <\/a>\n                <\/div>\n                            <div class=\"swiper-slide\">\n                        <a href=\"https:\/\/finnmaster.fi\/app\/uploads\/2024\/03\/Husky-R6_2b.jpg\">\n                            <picture class=\"w-full \">\n                                \n                                <source\n                                    srcset=\"\n                                                                                            https:\/\/finnmaster.fi\/app\/uploads\/2024\/03\/Husky-R6_2b-150x150.jpg 150w,\n                                                                                            https:\/\/finnmaster.fi\/app\/uploads\/2024\/03\/Husky-R6_2b-300x300.jpg 300w,\n                                                                                            https:\/\/finnmaster.fi\/app\/uploads\/2024\/03\/Husky-R6_2b-768x768.jpg 768w,\n                                                                                            https:\/\/finnmaster.fi\/app\/uploads\/2024\/03\/Husky-R6_2b-1024x1024.jpg 1024w,\n                                                                                            https:\/\/finnmaster.fi\/app\/uploads\/2024\/03\/Husky-R6_2b.jpg 1080w,\n                                                                                            https:\/\/finnmaster.fi\/app\/uploads\/2024\/03\/Husky-R6_2b.jpg 1080w,\n                                                                                    \"\n                                \/>\n                                <img decoding=\"async\" class=\"aspect-square w-full object-cover\" src=\"https:\/\/finnmaster.fi\/app\/uploads\/2024\/03\/Husky-R6_2b.jpg\" alt=\"\" \/>\n                            <\/picture>\n                        <\/a>\n                <\/div>\n            \n        <\/div>\n\n\n    <\/div>\n<\/div>\n\n<div class=\"w-11\/12 mx-auto relative mb-36 lg:mb-0\">\n    <div         class=\"!w-[calc(50%+1rem)] swiper-button-prev after:!content-none !justify-start   !text-white bg-custom-dark pl-8 md:-mr-6 hover:bg-custom-red transition-colors\"\n        style=\"\n        clip-path:polygon(0 0,100% 0,100% calc(100% - 57px),0 100%);\n        -webkit-clip-path: polygon(0 0,100% 0,calc(100% - 57px) 100%,0 100%);\"\n    ><svg xmlns=\"http:\/\/www.w3.org\/2000\/svg\" fill=\"none\" viewBox=\"0 0 24 24\" stroke-width=\"1.5\" stroke=\"currentColor\" class=\"w-8 h-8\">\n  <path stroke-linecap=\"round\" stroke-linejoin=\"round\" d=\"M6.75 15.75 3 12m0 0 3.75-3.75M3 12h18\" \/>\n<\/svg>\n<\/div>\n\n    <div         class=\"!w-[calc(50%+1rem)] swiper-button-next after:!content-none !justify-end  !text-white bg-custom-dark pr-8 hover:bg-custom-red transition-colors\"\n        style=\"\n            clip-path:polygon(57px 0,100% 0,100% 100%,0 100%);\n            -webkit-clip-path: polygon(57px 0,100% 0,100% 100%,0 100%);\"\n    ><svg xmlns=\"http:\/\/www.w3.org\/2000\/svg\" fill=\"none\" viewBox=\"0 0 24 24\" stroke-width=\"1.5\" stroke=\"currentColor\" class=\"w-8 h-8\">\n  <path stroke-linecap=\"round\" stroke-linejoin=\"round\" d=\"M17.25 8.25 21 12m0 0-3.75 3.75M21 12H3\" \/>\n<\/svg>\n<\/div>\n<\/div>\n\n\n<div id=\"Layout\" class=\"TextFiftyFifty wrap my-8 lg:my-16\">\n    <div class=\"flex flex-col lg:flex-row\">\n                    <div class=\"w-full lg:w-1\/2\">\n                                    <div class=\"Title h2 font-normal mb-6 lg:mb-0 w-10\/12\">Layout ja smart design<\/div>\n                            <\/div>\n                    <div class=\"w-full lg:w-1\/2\">\n                                    <div class=\"Text p text-custom-dark\"><p>Me Finnmasterilla olemme suunnitelleet ja rakentaneet veneit\u00e4 Suomessa yli 30 vuoden ajan. N\u00e4iden vuosien aikana olemme kehitt\u00e4neet ahkerasti j\u00e4rkevi\u00e4 ratkaisuja, joiden ansiosta l\u00f6yd\u00e4t esimerkiksi aina hetkess\u00e4 paikan lepuuttajille heti l\u00e4hdetty\u00e4si liikkeelle. Sinun ei my\u00f6sk\u00e4\u00e4n tarvitse siirrell\u00e4 tyynyj\u00e4 halutessasi laittaa tavaroita s\u00e4ilytystiloihin. Kutsumme konseptiamme Smart Designiksi. Se tarkoittaa, ett\u00e4 nivomme yhteen muodon ja sis\u00e4ll\u00f6n helpottaaksemme el\u00e4m\u00e4\u00e4 merell\u00e4 \u2013 riippumatta siit\u00e4, mihin k\u00e4yt\u00e4t venett\u00e4si. Ratkaisut eiv\u00e4t vain yhdist\u00e4 huolellisesti harkittuja ja k\u00e4yt\u00e4nn\u00f6llisi\u00e4 yksityiskohtia tyylikk\u00e4\u00e4seen ja nykyaikaiseen muotoiluun. Ennen kaikkea ne merkitsev\u00e4t sit\u00e4, ett\u00e4 niin kokenut kapteeni kuin utelias aloittelijakin voivat kokea unohtumattoman el\u00e4myksen merell\u00e4.<\/p>\n<\/div>\n                            <\/div>\n            <\/div>\n<\/div>\n\n\n<div id=\"\" class=\"InteractiveImage wrap flex justify-center items-center h-[100vh] lg:h-auto my-8 lg:my-40\">\n\t<div class=\"BoatImage relative h-auto w-[100vh] lg:w-[90%] mx-auto -rotate-90 lg:rotate-0\">\n\t\t        <img decoding=\"async\" class=\"min-w-[90vh] lg:min-w-[auto] w-full object-cover\" src=\"https:\/\/finnmaster.fi\/app\/uploads\/2024\/03\/R6-layout-2025.png\" alt=\"\">\n\t\t\t\t\t            <button id=\"equipment-1\" class=\"Equipment-btn absolute -translate-y-1\/2 -translate-x-1\/2 z-1 rounded-full transition-all duration-200 border-2 hover:border-3 border-solid border-white bg-[hsla(0,0%,98%,.7)] hover:bg-[hsla(0,0%,100%,.4)]  w-[clamp(40px,5vw,84px)] hover:w-[clamp(40px,5vw,90px)] h-[clamp(40px,5vw,84px)] hover:h-[clamp(40px,5vw,90px)] bottom-[60%] left-[62%]\"><\/button>\n\t\t\t            <div id=\"equipment-1\" class=\"Equipment-modal z-10 rotate-90 lg:rotate-0 animate-expand lg:animate-expandDesk absolute hidden p-5 bg-[hsla(0,0%,100%,.5)] backdrop-blur-[56px] top-1\/2 left-1\/2 -translate-y-1\/2 -translate-x-1\/2 w-[75%] max-w-[300px] sm:max-w-[420px] aspect-[6\/5] shadow-[0_4px_70px_rgba(0,0,0,.1)] box-border flex-col justify-between gap-[5%]  \">\n\t\t\t\t<div class=\"relative\">\n\t\t\t\t\t<h4 class=\"h3 uppercase\">\n\t\t\t\t\t\tMonik\u00e4ytt\u00f6inen hansikaslokero\n\t\t\t\t\t<\/h4>\n\t\t\t\t\t<button id=\"equipment-1\" class=\"Equipment-close-btn absolute top-0 right-0 \">\n\t\t\t\t\t\t<svg xmlns=\"http:\/\/www.w3.org\/2000\/svg\" fill=\"none\" viewbox=\"0 0 24 24\" stroke-width=\"2.5\" stroke=\"currentColor\" class=\"w-8 h-8\">\n\t\t\t\t\t\t\t<path stroke-linecap=\"round\" stroke-linejoin=\"round\" d=\"M6 18 18 6M6 6l12 12\"\/>\n\t\t\t\t\t\t<\/svg>\n\t\t\t\t\t<\/button>\n\t\t\t\t<\/div>\n\t\t\t\t<img decoding=\"async\" src=\"https:\/\/finnmaster.fi\/app\/uploads\/2024\/03\/Husky-R6_smart-design-1-350x350-1.jpg\" alt=\"\">\n\t\t\t<\/div>\n\t\t\t\t\t            <button id=\"equipment-2\" class=\"Equipment-btn absolute -translate-y-1\/2 -translate-x-1\/2 z-1 rounded-full transition-all duration-200 border-2 hover:border-3 border-solid border-white bg-[hsla(0,0%,98%,.7)] hover:bg-[hsla(0,0%,100%,.4)]  w-[clamp(40px,5vw,84px)] hover:w-[clamp(40px,5vw,90px)] h-[clamp(40px,5vw,84px)] hover:h-[clamp(40px,5vw,90px)] bottom-[17%] left-[84%]\"><\/button>\n\t\t\t            <div id=\"equipment-2\" class=\"Equipment-modal z-10 rotate-90 lg:rotate-0 animate-expand lg:animate-expandDesk absolute hidden p-5 bg-[hsla(0,0%,100%,.5)] backdrop-blur-[56px] top-1\/2 left-1\/2 -translate-y-1\/2 -translate-x-1\/2 w-[75%] max-w-[300px] sm:max-w-[420px] aspect-[6\/5] shadow-[0_4px_70px_rgba(0,0,0,.1)] box-border flex-col justify-between gap-[5%]  \">\n\t\t\t\t<div class=\"relative\">\n\t\t\t\t\t<h4 class=\"h3 uppercase\">\n\t\t\t\t\t\tLepuuttajat omilla paikoillaan\n\t\t\t\t\t<\/h4>\n\t\t\t\t\t<button id=\"equipment-2\" class=\"Equipment-close-btn absolute top-0 right-0 \">\n\t\t\t\t\t\t<svg xmlns=\"http:\/\/www.w3.org\/2000\/svg\" fill=\"none\" viewbox=\"0 0 24 24\" stroke-width=\"2.5\" stroke=\"currentColor\" class=\"w-8 h-8\">\n\t\t\t\t\t\t\t<path stroke-linecap=\"round\" stroke-linejoin=\"round\" d=\"M6 18 18 6M6 6l12 12\"\/>\n\t\t\t\t\t\t<\/svg>\n\t\t\t\t\t<\/button>\n\t\t\t\t<\/div>\n\t\t\t\t<img decoding=\"async\" src=\"https:\/\/finnmaster.fi\/app\/uploads\/2024\/03\/Husky-R6_smart-design-2-350x350-1.jpg\" alt=\"\">\n\t\t\t<\/div>\n\t\t\t\t\t            <button id=\"equipment-3\" class=\"Equipment-btn absolute -translate-y-1\/2 -translate-x-1\/2 z-1 rounded-full transition-all duration-200 border-2 hover:border-3 border-solid border-white bg-[hsla(0,0%,98%,.7)] hover:bg-[hsla(0,0%,100%,.4)]  w-[clamp(40px,5vw,84px)] hover:w-[clamp(40px,5vw,90px)] h-[clamp(40px,5vw,84px)] hover:h-[clamp(40px,5vw,90px)] bottom-[32%] left-[92%]\"><\/button>\n\t\t\t            <div id=\"equipment-3\" class=\"Equipment-modal z-10 rotate-90 lg:rotate-0 animate-expand lg:animate-expandDesk absolute hidden p-5 bg-[hsla(0,0%,100%,.5)] backdrop-blur-[56px] top-1\/2 left-1\/2 -translate-y-1\/2 -translate-x-1\/2 w-[75%] max-w-[300px] sm:max-w-[420px] aspect-[6\/5] shadow-[0_4px_70px_rgba(0,0,0,.1)] box-border flex-col justify-between gap-[5%]  \">\n\t\t\t\t<div class=\"relative\">\n\t\t\t\t\t<h4 class=\"h3 uppercase\">\n\t\t\t\t\t\tHelppo kulku veneeseen\n\t\t\t\t\t<\/h4>\n\t\t\t\t\t<button id=\"equipment-3\" class=\"Equipment-close-btn absolute top-0 right-0 \">\n\t\t\t\t\t\t<svg xmlns=\"http:\/\/www.w3.org\/2000\/svg\" fill=\"none\" viewbox=\"0 0 24 24\" stroke-width=\"2.5\" stroke=\"currentColor\" class=\"w-8 h-8\">\n\t\t\t\t\t\t\t<path stroke-linecap=\"round\" stroke-linejoin=\"round\" d=\"M6 18 18 6M6 6l12 12\"\/>\n\t\t\t\t\t\t<\/svg>\n\t\t\t\t\t<\/button>\n\t\t\t\t<\/div>\n\t\t\t\t<img decoding=\"async\" src=\"https:\/\/finnmaster.fi\/app\/uploads\/2024\/03\/Husky-R6_smart-design-3-350x350-1.jpg\" alt=\"\">\n\t\t\t<\/div>\n\t\t\t\t\t            <button id=\"equipment-4\" class=\"Equipment-btn absolute -translate-y-1\/2 -translate-x-1\/2 z-1 rounded-full transition-all duration-200 border-2 hover:border-3 border-solid border-white bg-[hsla(0,0%,98%,.7)] hover:bg-[hsla(0,0%,100%,.4)]  w-[clamp(40px,5vw,84px)] hover:w-[clamp(40px,5vw,90px)] h-[clamp(40px,5vw,84px)] hover:h-[clamp(40px,5vw,90px)] bottom-[32%] left-[66%]\"><\/button>\n\t\t\t            <div id=\"equipment-4\" class=\"Equipment-modal z-10 rotate-90 lg:rotate-0 animate-expand lg:animate-expandDesk absolute hidden p-5 bg-[hsla(0,0%,100%,.5)] backdrop-blur-[56px] top-1\/2 left-1\/2 -translate-y-1\/2 -translate-x-1\/2 w-[75%] max-w-[300px] sm:max-w-[420px] aspect-[6\/5] shadow-[0_4px_70px_rgba(0,0,0,.1)] box-border flex-col justify-between gap-[5%]  \">\n\t\t\t\t<div class=\"relative\">\n\t\t\t\t\t<h4 class=\"h3 uppercase\">\n\t\t\t\t\t\tTurvallisesti l\u00e4pikuljettava\n\t\t\t\t\t<\/h4>\n\t\t\t\t\t<button id=\"equipment-4\" class=\"Equipment-close-btn absolute top-0 right-0 \">\n\t\t\t\t\t\t<svg xmlns=\"http:\/\/www.w3.org\/2000\/svg\" fill=\"none\" viewbox=\"0 0 24 24\" stroke-width=\"2.5\" stroke=\"currentColor\" class=\"w-8 h-8\">\n\t\t\t\t\t\t\t<path stroke-linecap=\"round\" stroke-linejoin=\"round\" d=\"M6 18 18 6M6 6l12 12\"\/>\n\t\t\t\t\t\t<\/svg>\n\t\t\t\t\t<\/button>\n\t\t\t\t<\/div>\n\t\t\t\t<img decoding=\"async\" src=\"https:\/\/finnmaster.fi\/app\/uploads\/2024\/03\/Husky-R6_safe-walk-through-layout.jpg\" alt=\"\">\n\t\t\t<\/div>\n\t\t\t<\/div>\n<\/div>\n","protected":false},"parent":0,"menu_order":20,"template":"","product-type":[19],"class_list":["post-726","product","type-product","status-publish","hentry","product-type-alumiiniveneet"],"acf":[],"yoast_head":"<!-- This site is optimized with the Yoast SEO plugin v27.1.1 - https:\/\/yoast.com\/product\/yoast-seo-wordpress\/ -->\n<title>Husky R6 - Finnmaster-veneet<\/title>\n<meta name=\"robots\" content=\"index, follow, max-snippet:-1, max-image-preview:large, max-video-preview:-1\" \/>\n<link rel=\"canonical\" href=\"https:\/\/finnmaster.fi\/fi\/fleet\/husky-r6\/\" \/>\n<meta property=\"og:locale\" content=\"fi_FI\" \/>\n<meta property=\"og:type\" content=\"article\" \/>\n<meta property=\"og:title\" content=\"Husky R6 - Finnmaster-veneet\" \/>\n<meta property=\"og:url\" content=\"https:\/\/finnmaster.fi\/fi\/fleet\/husky-r6\/\" \/>\n<meta property=\"og:site_name\" content=\"Finnmaster-veneet\" \/>\n<meta property=\"article:modified_time\" content=\"2026-02-25T11:01:38+00:00\" \/>\n<meta name=\"twitter:card\" content=\"summary_large_image\" \/>\n<script type=\"application\/ld+json\" class=\"yoast-schema-graph\">{\"@context\":\"https:\/\/schema.org\",\"@graph\":[{\"@type\":\"WebPage\",\"@id\":\"https:\/\/finnmaster.fi\/fi\/fleet\/husky-r6\/\",\"url\":\"https:\/\/finnmaster.fi\/fi\/fleet\/husky-r6\/\",\"name\":\"Husky R6 - Finnmaster-veneet\",\"isPartOf\":{\"@id\":\"https:\/\/finnmaster.fi\/#website\"},\"datePublished\":\"2024-03-04T10:26:17+00:00\",\"dateModified\":\"2026-02-25T11:01:38+00:00\",\"breadcrumb\":{\"@id\":\"https:\/\/finnmaster.fi\/fi\/fleet\/husky-r6\/#breadcrumb\"},\"inLanguage\":\"fi\",\"potentialAction\":[{\"@type\":\"ReadAction\",\"target\":[\"https:\/\/finnmaster.fi\/fi\/fleet\/husky-r6\/\"]}]},{\"@type\":\"BreadcrumbList\",\"@id\":\"https:\/\/finnmaster.fi\/fi\/fleet\/husky-r6\/#breadcrumb\",\"itemListElement\":[{\"@type\":\"ListItem\",\"position\":1,\"name\":\"Home\",\"item\":\"https:\/\/finnmaster.fi\/fi\/\"},{\"@type\":\"ListItem\",\"position\":2,\"name\":\"Husky R6\"}]},{\"@type\":\"WebSite\",\"@id\":\"https:\/\/finnmaster.fi\/#website\",\"url\":\"https:\/\/finnmaster.fi\/\",\"name\":\"Finnmaster-veneet\",\"description\":\"High-class Power Boats\",\"potentialAction\":[{\"@type\":\"SearchAction\",\"target\":{\"@type\":\"EntryPoint\",\"urlTemplate\":\"https:\/\/finnmaster.fi\/?s={search_term_string}\"},\"query-input\":{\"@type\":\"PropertyValueSpecification\",\"valueRequired\":true,\"valueName\":\"search_term_string\"}}],\"inLanguage\":\"fi\"}]}<\/script>\n<!-- \/ Yoast SEO plugin. -->","yoast_head_json":{"title":"Husky R6 - Finnmaster-veneet","robots":{"index":"index","follow":"follow","max-snippet":"max-snippet:-1","max-image-preview":"max-image-preview:large","max-video-preview":"max-video-preview:-1"},"canonical":"https:\/\/finnmaster.fi\/fi\/fleet\/husky-r6\/","og_locale":"fi_FI","og_type":"article","og_title":"Husky R6 - Finnmaster-veneet","og_url":"https:\/\/finnmaster.fi\/fi\/fleet\/husky-r6\/","og_site_name":"Finnmaster-veneet","article_modified_time":"2026-02-25T11:01:38+00:00","twitter_card":"summary_large_image","schema":{"@context":"https:\/\/schema.org","@graph":[{"@type":"WebPage","@id":"https:\/\/finnmaster.fi\/fi\/fleet\/husky-r6\/","url":"https:\/\/finnmaster.fi\/fi\/fleet\/husky-r6\/","name":"Husky R6 - Finnmaster-veneet","isPartOf":{"@id":"https:\/\/finnmaster.fi\/#website"},"datePublished":"2024-03-04T10:26:17+00:00","dateModified":"2026-02-25T11:01:38+00:00","breadcrumb":{"@id":"https:\/\/finnmaster.fi\/fi\/fleet\/husky-r6\/#breadcrumb"},"inLanguage":"fi","potentialAction":[{"@type":"ReadAction","target":["https:\/\/finnmaster.fi\/fi\/fleet\/husky-r6\/"]}]},{"@type":"BreadcrumbList","@id":"https:\/\/finnmaster.fi\/fi\/fleet\/husky-r6\/#breadcrumb","itemListElement":[{"@type":"ListItem","position":1,"name":"Home","item":"https:\/\/finnmaster.fi\/fi\/"},{"@type":"ListItem","position":2,"name":"Husky R6"}]},{"@type":"WebSite","@id":"https:\/\/finnmaster.fi\/#website","url":"https:\/\/finnmaster.fi\/","name":"Finnmaster-veneet","description":"High-class Power Boats","potentialAction":[{"@type":"SearchAction","target":{"@type":"EntryPoint","urlTemplate":"https:\/\/finnmaster.fi\/?s={search_term_string}"},"query-input":{"@type":"PropertyValueSpecification","valueRequired":true,"valueName":"search_term_string"}}],"inLanguage":"fi"}]}},"_links":{"self":[{"href":"https:\/\/finnmaster.fi\/fi\/wp-json\/wp\/v2\/product\/726","targetHints":{"allow":["GET"]}}],"collection":[{"href":"https:\/\/finnmaster.fi\/fi\/wp-json\/wp\/v2\/product"}],"about":[{"href":"https:\/\/finnmaster.fi\/fi\/wp-json\/wp\/v2\/types\/product"}],"wp:attachment":[{"href":"https:\/\/finnmaster.fi\/fi\/wp-json\/wp\/v2\/media?parent=726"}],"wp:term":[{"taxonomy":"product-type","embeddable":true,"href":"https:\/\/finnmaster.fi\/fi\/wp-json\/wp\/v2\/product-type?post=726"}],"curies":[{"name":"wp","href":"https:\/\/api.w.org\/{rel}","templated":true}]}}