{"id":1668,"date":"2024-03-05T15:32:18","date_gmt":"2024-03-05T13:32:18","guid":{"rendered":"https:\/\/finnmaster.fi\/?post_type=product&#038;p=1668"},"modified":"2026-02-25T13:43:30","modified_gmt":"2026-02-25T11:43:30","slug":"pilot-8","status":"publish","type":"product","link":"https:\/\/finnmaster.fi\/fi\/fleet\/pilot-8\/","title":{"rendered":"Pilot 8"},"content":{"rendered":"<div id=\"Yleiskatsaus\" class=\"TextFiftyFifty wrap my-8 lg:my-16\">\n    <div class=\"flex flex-col lg:flex-row\">\n                    <div class=\"w-full lg:w-1\/2\">\n                                    <div class=\"Title h2 font-normal mb-6 lg:mb-0 w-10\/12\">Pilot 8 on varsinainen monik\u00e4ytt\u00f6vene.<\/div>\n                            <\/div>\n                    <div class=\"w-full lg:w-1\/2\">\n                                    <div class=\"Text p text-custom-dark\"><p>Finnmaster Pilot 8 on suurin hyttiveneemme \u2013 varsinainen monik\u00e4ytt\u00f6vene. Etsitp\u00e4 sitten kalastusvenett\u00e4, retkivenett\u00e4 tai matkavenett\u00e4, jossa koko perhe voi y\u00f6py\u00e4 \u2013 t\u00e4m\u00e4 on juuri oikea moottorivene sinulle. Veneen uudistettu, pidennetty katto antaa veneen per\u00e4osan istuinalueella oleskeleville suojan sateelta ja auringonpaahteelta. Tilavassa ohjaushytiss\u00e4 on suuri koko veneen levyinen kattoluukku ja matkustusmukavuuden takaa nelj\u00e4n hengen ruokailuryhm\u00e4 ja tilava pentteri. Veneen keulasta l\u00f6ytyy runsaasti s\u00e4ilytystilaa sek\u00e4 suuri, erillinen wc-tila ja makuupaikat nelj\u00e4lle aikuiselle.<\/p>\n<\/div>\n                            <\/div>\n            <\/div>\n<\/div>\n\n\n<div class=\"Image flex my-12 w-full wrap_xl\" >\n    <picture class=\"w-full \">\n        \n        <source\n            srcset=\"\n                                            https:\/\/finnmaster.fi\/app\/uploads\/2024\/03\/2025-pilot8-150x150.png 150w,\n                                            https:\/\/finnmaster.fi\/app\/uploads\/2024\/03\/2025-pilot8-300x152.png 300w,\n                                            https:\/\/finnmaster.fi\/app\/uploads\/2024\/03\/2025-pilot8-768x390.png 768w,\n                                            https:\/\/finnmaster.fi\/app\/uploads\/2024\/03\/2025-pilot8-1024x520.png 1024w,\n                                            https:\/\/finnmaster.fi\/app\/uploads\/2024\/03\/2025-pilot8.png 1126w,\n                                            https:\/\/finnmaster.fi\/app\/uploads\/2024\/03\/2025-pilot8.png 1126w,\n                                    \"\n        \/>\n        <img decoding=\"async\" class=\"lg:w-7\/12 mx-auto object-cover\" src=\"https:\/\/finnmaster.fi\/app\/uploads\/2024\/03\/2025-pilot8.png\" alt=\"\" \/>\n    <\/picture>\n<\/div>\n\n\n<div class=\"ThreeImages flex my-20 mt-40\" >\n    <div class=\"threeImage-swiper mx-auto relative overflow-hidden\">\n        <div class=\"swiper-wrapper !h-auto\">\n\n                            <div class=\"swiper-slide\">\n                        <a href=\"https:\/\/finnmaster.fi\/app\/uploads\/2024\/03\/Finnmaster-Pilot-8_DSC_7316-1-scaled.jpg\">\n                            <picture class=\"w-full \">\n                                \n                                <source\n                                    srcset=\"\n                                                                                            https:\/\/finnmaster.fi\/app\/uploads\/2024\/03\/Finnmaster-Pilot-8_DSC_7316-1-150x150.jpg 150w,\n                                                                                            https:\/\/finnmaster.fi\/app\/uploads\/2024\/03\/Finnmaster-Pilot-8_DSC_7316-1-300x219.jpg 300w,\n                                                                                            https:\/\/finnmaster.fi\/app\/uploads\/2024\/03\/Finnmaster-Pilot-8_DSC_7316-1-768x561.jpg 768w,\n                                                                                            https:\/\/finnmaster.fi\/app\/uploads\/2024\/03\/Finnmaster-Pilot-8_DSC_7316-1-1024x748.jpg 1024w,\n                                                                                            https:\/\/finnmaster.fi\/app\/uploads\/2024\/03\/Finnmaster-Pilot-8_DSC_7316-1-1536x1122.jpg 1536w,\n                                                                                            https:\/\/finnmaster.fi\/app\/uploads\/2024\/03\/Finnmaster-Pilot-8_DSC_7316-1-2048x1495.jpg 2048w,\n                                                                                    \"\n                                \/>\n                                <img decoding=\"async\" class=\"aspect-square w-full object-cover\" src=\"https:\/\/finnmaster.fi\/app\/uploads\/2024\/03\/Finnmaster-Pilot-8_DSC_7316-1-scaled.jpg\" alt=\"\" \/>\n                            <\/picture>\n                        <\/a>\n                <\/div>\n                            <div class=\"swiper-slide\">\n                        <a href=\"https:\/\/finnmaster.fi\/app\/uploads\/2024\/03\/Pilot-8_3190-scaled.jpg\">\n                            <picture class=\"w-full \">\n                                \n                                <source\n                                    srcset=\"\n                                                                                            https:\/\/finnmaster.fi\/app\/uploads\/2024\/03\/Pilot-8_3190-150x150.jpg 150w,\n                                                                                            https:\/\/finnmaster.fi\/app\/uploads\/2024\/03\/Pilot-8_3190-300x200.jpg 300w,\n                                                                                            https:\/\/finnmaster.fi\/app\/uploads\/2024\/03\/Pilot-8_3190-768x512.jpg 768w,\n                                                                                            https:\/\/finnmaster.fi\/app\/uploads\/2024\/03\/Pilot-8_3190-1024x683.jpg 1024w,\n                                                                                            https:\/\/finnmaster.fi\/app\/uploads\/2024\/03\/Pilot-8_3190-1536x1024.jpg 1536w,\n                                                                                            https:\/\/finnmaster.fi\/app\/uploads\/2024\/03\/Pilot-8_3190-2048x1365.jpg 2048w,\n                                                                                    \"\n                                \/>\n                                <img decoding=\"async\" class=\"aspect-square w-full object-cover\" src=\"https:\/\/finnmaster.fi\/app\/uploads\/2024\/03\/Pilot-8_3190-scaled.jpg\" alt=\"\" \/>\n                            <\/picture>\n                        <\/a>\n                <\/div>\n                            <div class=\"swiper-slide\">\n                        <a href=\"https:\/\/finnmaster.fi\/app\/uploads\/2024\/03\/Finnmaster-Pilot-8_DSC_5811-scaled.jpg\">\n                            <picture class=\"w-full \">\n                                \n                                <source\n                                    srcset=\"\n                                                                                            https:\/\/finnmaster.fi\/app\/uploads\/2024\/03\/Finnmaster-Pilot-8_DSC_5811-150x150.jpg 150w,\n                                                                                            https:\/\/finnmaster.fi\/app\/uploads\/2024\/03\/Finnmaster-Pilot-8_DSC_5811-300x200.jpg 300w,\n                                                                                            https:\/\/finnmaster.fi\/app\/uploads\/2024\/03\/Finnmaster-Pilot-8_DSC_5811-768x512.jpg 768w,\n                                                                                            https:\/\/finnmaster.fi\/app\/uploads\/2024\/03\/Finnmaster-Pilot-8_DSC_5811-1024x683.jpg 1024w,\n                                                                                            https:\/\/finnmaster.fi\/app\/uploads\/2024\/03\/Finnmaster-Pilot-8_DSC_5811-1536x1024.jpg 1536w,\n                                                                                            https:\/\/finnmaster.fi\/app\/uploads\/2024\/03\/Finnmaster-Pilot-8_DSC_5811-2048x1365.jpg 2048w,\n                                                                                    \"\n                                \/>\n                                <img decoding=\"async\" class=\"aspect-square w-full object-cover\" src=\"https:\/\/finnmaster.fi\/app\/uploads\/2024\/03\/Finnmaster-Pilot-8_DSC_5811-scaled.jpg\" alt=\"\" \/>\n                            <\/picture>\n                        <\/a>\n                <\/div>\n            \n        <\/div>\n\n\n    <\/div>\n<\/div>\n\n<div class=\"w-11\/12 mx-auto relative mb-36 lg:mb-0\">\n    <div         class=\"!w-[calc(50%+1rem)] swiper-button-prev after:!content-none !justify-start   !text-white bg-custom-dark pl-8 md:-mr-6 hover:bg-custom-red transition-colors\"\n        style=\"\n        clip-path:polygon(0 0,100% 0,100% calc(100% - 57px),0 100%);\n        -webkit-clip-path: polygon(0 0,100% 0,calc(100% - 57px) 100%,0 100%);\"\n    ><svg xmlns=\"http:\/\/www.w3.org\/2000\/svg\" fill=\"none\" viewBox=\"0 0 24 24\" stroke-width=\"1.5\" stroke=\"currentColor\" class=\"w-8 h-8\">\n  <path stroke-linecap=\"round\" stroke-linejoin=\"round\" d=\"M6.75 15.75 3 12m0 0 3.75-3.75M3 12h18\" \/>\n<\/svg>\n<\/div>\n\n    <div         class=\"!w-[calc(50%+1rem)] swiper-button-next after:!content-none !justify-end  !text-white bg-custom-dark pr-8 hover:bg-custom-red transition-colors\"\n        style=\"\n            clip-path:polygon(57px 0,100% 0,100% 100%,0 100%);\n            -webkit-clip-path: polygon(57px 0,100% 0,100% 100%,0 100%);\"\n    ><svg xmlns=\"http:\/\/www.w3.org\/2000\/svg\" fill=\"none\" viewBox=\"0 0 24 24\" stroke-width=\"1.5\" stroke=\"currentColor\" class=\"w-8 h-8\">\n  <path stroke-linecap=\"round\" stroke-linejoin=\"round\" d=\"M17.25 8.25 21 12m0 0-3.75 3.75M21 12H3\" \/>\n<\/svg>\n<\/div>\n<\/div>\n\n\n<div  class=\"TextFiftyFifty wrap my-8 lg:my-16\">\n    <div class=\"flex flex-col lg:flex-row\">\n                    <div class=\"w-full lg:w-1\/2\">\n                                    <div class=\"Title h2 font-normal mb-6 lg:mb-0 w-10\/12\">Layout ja smart design<\/div>\n                            <\/div>\n                    <div class=\"w-full lg:w-1\/2\">\n                                    <div class=\"Text p text-custom-dark\"><p>Me Finnmasterilla olemme suunnitelleet ja rakentaneet veneit\u00e4 Suomessa yli 30 vuoden ajan. N\u00e4iden vuosien aikana olemme kehitt\u00e4neet ahkerasti j\u00e4rkevi\u00e4 ratkaisuja, joiden ansiosta l\u00f6yd\u00e4t esimerkiksi aina hetkess\u00e4 paikan lepuuttajille heti l\u00e4hdetty\u00e4si liikkeelle. Sinun ei my\u00f6sk\u00e4\u00e4n tarvitse siirrell\u00e4 tyynyj\u00e4 halutessasi laittaa tavaroita s\u00e4ilytystiloihin. Kutsumme konseptiamme Smart Designiksi. Se tarkoittaa, ett\u00e4 nivomme yhteen muodon ja sis\u00e4ll\u00f6n helpottaaksemme el\u00e4m\u00e4\u00e4 merell\u00e4 \u2013 riippumatta siit\u00e4, mihin k\u00e4yt\u00e4t venett\u00e4si. Ratkaisut eiv\u00e4t vain yhdist\u00e4 huolellisesti harkittuja ja k\u00e4yt\u00e4nn\u00f6llisi\u00e4 yksityiskohtia tyylikk\u00e4\u00e4seen ja nykyaikaiseen muotoiluun. Ennen kaikkea ne merkitsev\u00e4t sit\u00e4, ett\u00e4 niin kokenut kapteeni kuin utelias aloittelijakin voivat kokea unohtumattoman el\u00e4myksen merell\u00e4.<\/p>\n<\/div>\n                            <\/div>\n            <\/div>\n<\/div>\n\n\n<div id=\"\" class=\"InteractiveImage wrap flex justify-center items-center h-[100vh] lg:h-auto my-8 lg:my-40\">\n\t<div class=\"BoatImage relative h-auto w-[100vh] lg:w-[90%] mx-auto -rotate-90 lg:rotate-0\">\n\t\t        <img decoding=\"async\" class=\"min-w-[90vh] lg:min-w-[auto] w-full object-cover\" src=\"https:\/\/finnmaster.fi\/app\/uploads\/2024\/03\/Finnmaster-P8-layout2025-scaled.jpg\" alt=\"\">\n\t\t\t\t\t            <button id=\"equipment-1\" class=\"Equipment-btn absolute -translate-y-1\/2 -translate-x-1\/2 z-1 rounded-full transition-all duration-200 border-2 hover:border-3 border-solid border-white bg-[hsla(0,0%,98%,.7)] hover:bg-[hsla(0,0%,100%,.4)]  w-[clamp(40px,5vw,84px)] hover:w-[clamp(40px,5vw,90px)] h-[clamp(40px,5vw,84px)] hover:h-[clamp(40px,5vw,90px)] bottom-[13%] left-[42%]\"><\/button>\n\t\t\t            <div id=\"equipment-1\" class=\"Equipment-modal z-10 rotate-90 lg:rotate-0 animate-expand lg:animate-expandDesk absolute hidden p-5 bg-[hsla(0,0%,100%,.5)] backdrop-blur-[56px] top-1\/2 left-1\/2 -translate-y-1\/2 -translate-x-1\/2 w-[75%] max-w-[300px] sm:max-w-[420px] aspect-[6\/5] shadow-[0_4px_70px_rgba(0,0,0,.1)] box-border flex-col justify-between gap-[5%]  \">\n\t\t\t\t<div class=\"relative\">\n\t\t\t\t\t<h4 class=\"h3 uppercase\">\n\t\t\t\t\t\tHYVIN VARUSTELTU PENTTERI\n\t\t\t\t\t<\/h4>\n\t\t\t\t\t<button id=\"equipment-1\" class=\"Equipment-close-btn absolute top-0 right-0 \">\n\t\t\t\t\t\t<svg xmlns=\"http:\/\/www.w3.org\/2000\/svg\" fill=\"none\" viewbox=\"0 0 24 24\" stroke-width=\"2.5\" stroke=\"currentColor\" class=\"w-8 h-8\">\n\t\t\t\t\t\t\t<path stroke-linecap=\"round\" stroke-linejoin=\"round\" d=\"M6 18 18 6M6 6l12 12\"\/>\n\t\t\t\t\t\t<\/svg>\n\t\t\t\t\t<\/button>\n\t\t\t\t<\/div>\n\t\t\t\t<img decoding=\"async\" src=\"https:\/\/finnmaster.fi\/app\/uploads\/2024\/03\/Finnmaster-P8_well-equipped-galley.jpg\" alt=\"\">\n\t\t\t<\/div>\n\t\t\t\t\t            <button id=\"equipment-2\" class=\"Equipment-btn absolute -translate-y-1\/2 -translate-x-1\/2 z-1 rounded-full transition-all duration-200 border-2 hover:border-3 border-solid border-white bg-[hsla(0,0%,98%,.7)] hover:bg-[hsla(0,0%,100%,.4)]  w-[clamp(40px,5vw,84px)] hover:w-[clamp(40px,5vw,90px)] h-[clamp(40px,5vw,84px)] hover:h-[clamp(40px,5vw,90px)] bottom-[34%] left-[75%]\"><\/button>\n\t\t\t            <div id=\"equipment-2\" class=\"Equipment-modal z-10 rotate-90 lg:rotate-0 animate-expand lg:animate-expandDesk absolute hidden p-5 bg-[hsla(0,0%,100%,.5)] backdrop-blur-[56px] top-1\/2 left-1\/2 -translate-y-1\/2 -translate-x-1\/2 w-[75%] max-w-[300px] sm:max-w-[420px] aspect-[6\/5] shadow-[0_4px_70px_rgba(0,0,0,.1)] box-border flex-col justify-between gap-[5%]  \">\n\t\t\t\t<div class=\"relative\">\n\t\t\t\t\t<h4 class=\"h3 uppercase\">\n\t\t\t\t\t\tVIIHTYIS\u00c4 KABIINI\n\t\t\t\t\t<\/h4>\n\t\t\t\t\t<button id=\"equipment-2\" class=\"Equipment-close-btn absolute top-0 right-0 \">\n\t\t\t\t\t\t<svg xmlns=\"http:\/\/www.w3.org\/2000\/svg\" fill=\"none\" viewbox=\"0 0 24 24\" stroke-width=\"2.5\" stroke=\"currentColor\" class=\"w-8 h-8\">\n\t\t\t\t\t\t\t<path stroke-linecap=\"round\" stroke-linejoin=\"round\" d=\"M6 18 18 6M6 6l12 12\"\/>\n\t\t\t\t\t\t<\/svg>\n\t\t\t\t\t<\/button>\n\t\t\t\t<\/div>\n\t\t\t\t<img decoding=\"async\" src=\"https:\/\/finnmaster.fi\/app\/uploads\/2024\/03\/Pilot-8_cozy-cabin.jpg\" alt=\"\">\n\t\t\t<\/div>\n\t\t\t\t\t            <button id=\"equipment-3\" class=\"Equipment-btn absolute -translate-y-1\/2 -translate-x-1\/2 z-1 rounded-full transition-all duration-200 border-2 hover:border-3 border-solid border-white bg-[hsla(0,0%,98%,.7)] hover:bg-[hsla(0,0%,100%,.4)]  w-[clamp(40px,5vw,84px)] hover:w-[clamp(40px,5vw,90px)] h-[clamp(40px,5vw,84px)] hover:h-[clamp(40px,5vw,90px)] bottom-[35%] left-[24%]\"><\/button>\n\t\t\t            <div id=\"equipment-3\" class=\"Equipment-modal z-10 rotate-90 lg:rotate-0 animate-expand lg:animate-expandDesk absolute hidden p-5 bg-[hsla(0,0%,100%,.5)] backdrop-blur-[56px] top-1\/2 left-1\/2 -translate-y-1\/2 -translate-x-1\/2 w-[75%] max-w-[300px] sm:max-w-[420px] aspect-[6\/5] shadow-[0_4px_70px_rgba(0,0,0,.1)] box-border flex-col justify-between gap-[5%]  \">\n\t\t\t\t<div class=\"relative\">\n\t\t\t\t\t<h4 class=\"h3 uppercase\">\n\t\t\t\t\t\tSUURI JA MONIK\u00c4YTT\u00d6INEN AVOTILA\n\t\t\t\t\t<\/h4>\n\t\t\t\t\t<button id=\"equipment-3\" class=\"Equipment-close-btn absolute top-0 right-0 \">\n\t\t\t\t\t\t<svg xmlns=\"http:\/\/www.w3.org\/2000\/svg\" fill=\"none\" viewbox=\"0 0 24 24\" stroke-width=\"2.5\" stroke=\"currentColor\" class=\"w-8 h-8\">\n\t\t\t\t\t\t\t<path stroke-linecap=\"round\" stroke-linejoin=\"round\" d=\"M6 18 18 6M6 6l12 12\"\/>\n\t\t\t\t\t\t<\/svg>\n\t\t\t\t\t<\/button>\n\t\t\t\t<\/div>\n\t\t\t\t<img decoding=\"async\" src=\"https:\/\/finnmaster.fi\/app\/uploads\/2024\/03\/Finnmaster-P8_spacious-and-multfunctional-cockpit.jpg\" alt=\"\">\n\t\t\t<\/div>\n\t\t\t\t\t            <button id=\"equipment-4\" class=\"Equipment-btn absolute -translate-y-1\/2 -translate-x-1\/2 z-1 rounded-full transition-all duration-200 border-2 hover:border-3 border-solid border-white bg-[hsla(0,0%,98%,.7)] hover:bg-[hsla(0,0%,100%,.4)]  w-[clamp(40px,5vw,84px)] hover:w-[clamp(40px,5vw,90px)] h-[clamp(40px,5vw,84px)] hover:h-[clamp(40px,5vw,90px)] bottom-[17%] left-[53%]\"><\/button>\n\t\t\t            <div id=\"equipment-4\" class=\"Equipment-modal z-10 rotate-90 lg:rotate-0 animate-expand lg:animate-expandDesk absolute hidden p-5 bg-[hsla(0,0%,100%,.5)] backdrop-blur-[56px] top-1\/2 left-1\/2 -translate-y-1\/2 -translate-x-1\/2 w-[75%] max-w-[300px] sm:max-w-[420px] aspect-[6\/5] shadow-[0_4px_70px_rgba(0,0,0,.1)] box-border flex-col justify-between gap-[5%]  \">\n\t\t\t\t<div class=\"relative\">\n\t\t\t\t\t<h4 class=\"h3 uppercase\">\n\t\t\t\t\t\tHYVIN VARUSTELTU OHJAAMO\n\t\t\t\t\t<\/h4>\n\t\t\t\t\t<button id=\"equipment-4\" class=\"Equipment-close-btn absolute top-0 right-0 \">\n\t\t\t\t\t\t<svg xmlns=\"http:\/\/www.w3.org\/2000\/svg\" fill=\"none\" viewbox=\"0 0 24 24\" stroke-width=\"2.5\" stroke=\"currentColor\" class=\"w-8 h-8\">\n\t\t\t\t\t\t\t<path stroke-linecap=\"round\" stroke-linejoin=\"round\" d=\"M6 18 18 6M6 6l12 12\"\/>\n\t\t\t\t\t\t<\/svg>\n\t\t\t\t\t<\/button>\n\t\t\t\t<\/div>\n\t\t\t\t<img decoding=\"async\" src=\"https:\/\/finnmaster.fi\/app\/uploads\/2024\/03\/Pilot-8_well-equipped-helm.jpg\" alt=\"\">\n\t\t\t<\/div>\n\t\t\t<\/div>\n<\/div>\n","protected":false},"parent":0,"menu_order":30,"template":"","product-type":[18],"class_list":["post-1668","product","type-product","status-publish","hentry","product-type-cabin"],"acf":[],"yoast_head":"<!-- This site is optimized with the Yoast SEO plugin v27.1.1 - https:\/\/yoast.com\/product\/yoast-seo-wordpress\/ -->\n<title>Pilot 8 - Finnmaster-veneet<\/title>\n<meta name=\"robots\" content=\"index, follow, max-snippet:-1, max-image-preview:large, max-video-preview:-1\" \/>\n<link rel=\"canonical\" href=\"https:\/\/finnmaster.fi\/fi\/fleet\/pilot-8\/\" \/>\n<meta property=\"og:locale\" content=\"fi_FI\" \/>\n<meta property=\"og:type\" content=\"article\" \/>\n<meta property=\"og:title\" content=\"Pilot 8 - Finnmaster-veneet\" \/>\n<meta property=\"og:url\" content=\"https:\/\/finnmaster.fi\/fi\/fleet\/pilot-8\/\" \/>\n<meta property=\"og:site_name\" content=\"Finnmaster-veneet\" \/>\n<meta property=\"article:modified_time\" content=\"2026-02-25T11:43:30+00:00\" \/>\n<meta name=\"twitter:card\" content=\"summary_large_image\" \/>\n<script type=\"application\/ld+json\" class=\"yoast-schema-graph\">{\"@context\":\"https:\/\/schema.org\",\"@graph\":[{\"@type\":\"WebPage\",\"@id\":\"https:\/\/finnmaster.fi\/fi\/fleet\/pilot-8\/\",\"url\":\"https:\/\/finnmaster.fi\/fi\/fleet\/pilot-8\/\",\"name\":\"Pilot 8 - Finnmaster-veneet\",\"isPartOf\":{\"@id\":\"https:\/\/finnmaster.fi\/#website\"},\"datePublished\":\"2024-03-05T13:32:18+00:00\",\"dateModified\":\"2026-02-25T11:43:30+00:00\",\"breadcrumb\":{\"@id\":\"https:\/\/finnmaster.fi\/fi\/fleet\/pilot-8\/#breadcrumb\"},\"inLanguage\":\"fi\",\"potentialAction\":[{\"@type\":\"ReadAction\",\"target\":[\"https:\/\/finnmaster.fi\/fi\/fleet\/pilot-8\/\"]}]},{\"@type\":\"BreadcrumbList\",\"@id\":\"https:\/\/finnmaster.fi\/fi\/fleet\/pilot-8\/#breadcrumb\",\"itemListElement\":[{\"@type\":\"ListItem\",\"position\":1,\"name\":\"Home\",\"item\":\"https:\/\/finnmaster.fi\/fi\/\"},{\"@type\":\"ListItem\",\"position\":2,\"name\":\"Pilot 8\"}]},{\"@type\":\"WebSite\",\"@id\":\"https:\/\/finnmaster.fi\/#website\",\"url\":\"https:\/\/finnmaster.fi\/\",\"name\":\"Finnmaster-veneet\",\"description\":\"High-class Power Boats\",\"potentialAction\":[{\"@type\":\"SearchAction\",\"target\":{\"@type\":\"EntryPoint\",\"urlTemplate\":\"https:\/\/finnmaster.fi\/?s={search_term_string}\"},\"query-input\":{\"@type\":\"PropertyValueSpecification\",\"valueRequired\":true,\"valueName\":\"search_term_string\"}}],\"inLanguage\":\"fi\"}]}<\/script>\n<!-- \/ Yoast SEO plugin. -->","yoast_head_json":{"title":"Pilot 8 - Finnmaster-veneet","robots":{"index":"index","follow":"follow","max-snippet":"max-snippet:-1","max-image-preview":"max-image-preview:large","max-video-preview":"max-video-preview:-1"},"canonical":"https:\/\/finnmaster.fi\/fi\/fleet\/pilot-8\/","og_locale":"fi_FI","og_type":"article","og_title":"Pilot 8 - Finnmaster-veneet","og_url":"https:\/\/finnmaster.fi\/fi\/fleet\/pilot-8\/","og_site_name":"Finnmaster-veneet","article_modified_time":"2026-02-25T11:43:30+00:00","twitter_card":"summary_large_image","schema":{"@context":"https:\/\/schema.org","@graph":[{"@type":"WebPage","@id":"https:\/\/finnmaster.fi\/fi\/fleet\/pilot-8\/","url":"https:\/\/finnmaster.fi\/fi\/fleet\/pilot-8\/","name":"Pilot 8 - Finnmaster-veneet","isPartOf":{"@id":"https:\/\/finnmaster.fi\/#website"},"datePublished":"2024-03-05T13:32:18+00:00","dateModified":"2026-02-25T11:43:30+00:00","breadcrumb":{"@id":"https:\/\/finnmaster.fi\/fi\/fleet\/pilot-8\/#breadcrumb"},"inLanguage":"fi","potentialAction":[{"@type":"ReadAction","target":["https:\/\/finnmaster.fi\/fi\/fleet\/pilot-8\/"]}]},{"@type":"BreadcrumbList","@id":"https:\/\/finnmaster.fi\/fi\/fleet\/pilot-8\/#breadcrumb","itemListElement":[{"@type":"ListItem","position":1,"name":"Home","item":"https:\/\/finnmaster.fi\/fi\/"},{"@type":"ListItem","position":2,"name":"Pilot 8"}]},{"@type":"WebSite","@id":"https:\/\/finnmaster.fi\/#website","url":"https:\/\/finnmaster.fi\/","name":"Finnmaster-veneet","description":"High-class Power Boats","potentialAction":[{"@type":"SearchAction","target":{"@type":"EntryPoint","urlTemplate":"https:\/\/finnmaster.fi\/?s={search_term_string}"},"query-input":{"@type":"PropertyValueSpecification","valueRequired":true,"valueName":"search_term_string"}}],"inLanguage":"fi"}]}},"_links":{"self":[{"href":"https:\/\/finnmaster.fi\/fi\/wp-json\/wp\/v2\/product\/1668","targetHints":{"allow":["GET"]}}],"collection":[{"href":"https:\/\/finnmaster.fi\/fi\/wp-json\/wp\/v2\/product"}],"about":[{"href":"https:\/\/finnmaster.fi\/fi\/wp-json\/wp\/v2\/types\/product"}],"wp:attachment":[{"href":"https:\/\/finnmaster.fi\/fi\/wp-json\/wp\/v2\/media?parent=1668"}],"wp:term":[{"taxonomy":"product-type","embeddable":true,"href":"https:\/\/finnmaster.fi\/fi\/wp-json\/wp\/v2\/product-type?post=1668"}],"curies":[{"name":"wp","href":"https:\/\/api.w.org\/{rel}","templated":true}]}}