{"id":1541,"date":"2024-03-05T11:44:28","date_gmt":"2024-03-05T09:44:28","guid":{"rendered":"https:\/\/finnmaster.fi\/?page_id=1541"},"modified":"2024-03-27T13:48:16","modified_gmt":"2024-03-27T11:48:16","slug":"careers","status":"publish","type":"page","link":"https:\/\/finnmaster.fi\/fi\/careers\/","title":{"rendered":"Ty\u00f6paikat &#8211; liity miehist\u00f6\u00f6n"},"content":{"rendered":"\n<div style=\"height:50px\" aria-hidden=\"true\" class=\"wp-block-spacer\"><\/div>\n\n\n\n<p>Avoimet ty\u00f6paikat (0)<\/p>\n\n\n\n<div style=\"height:20px\" aria-hidden=\"true\" class=\"wp-block-spacer\"><\/div>\n\n\n\n\n\n\n        \n                        \n<div class=\"wrap \">\n    <a  href=\"mailto:rekry@finnmaster.fi\" target=\"\" class=\" flex w-fit p-2 rounded-md text-button-primary-text bg-button-primary hover:bg-button-primary-dark\">\n                                                <svg xmlns=\"http:\/\/www.w3.org\/2000\/svg\" class=\"h-5 w-5 mr-2 rotate-[270deg]\" viewBox=\"0 0 20 20\" fill=\"currentColor\">\n                    <path d=\"M5.293 9.707a1 1 0 010-1.414l4-4a1 1 0 011.414 0l4 4a1 1 0 01-1.414 1.414L11 7.414V15a1 1 0 11-2 0V7.414L6.707 9.707a1 1 0 01-1.414 0z\" \/>\n                <\/svg>\n                                        J\u00e4t\u00e4 avoin ty\u00f6hakemus\n                        <\/a>\n<\/div>\n\n\n<div  class=\"ImageLinkBox wrap my-8 lg:my-16 w-full flex flex-col lg:flex-row relative gap-4\">\n    <div class=\"lg:w-[60%] relative aspect-video lg:aspect-auto\">\n        <picture class=\"absolute left-0 right-0 bottom-0 top-0 w-full \">\n            \n            <source\n                srcset=\"\n                                                    https:\/\/finnmaster.fi\/app\/uploads\/2024\/03\/42eba8-150x150.webp 150w,\n                                                    https:\/\/finnmaster.fi\/app\/uploads\/2024\/03\/42eba8-300x131.webp 300w,\n                                                    https:\/\/finnmaster.fi\/app\/uploads\/2024\/03\/42eba8-768x337.webp 768w,\n                                                    https:\/\/finnmaster.fi\/app\/uploads\/2024\/03\/42eba8-1024x449.webp 1024w,\n                                                    https:\/\/finnmaster.fi\/app\/uploads\/2024\/03\/42eba8-1536x673.webp 1536w,\n                                                    https:\/\/finnmaster.fi\/app\/uploads\/2024\/03\/42eba8.webp 1828w,\n                                            \"\n            \/>\n            <img decoding=\"async\" class=\"object-cover w-full h-full\" src=\"https:\/\/finnmaster.fi\/app\/uploads\/2024\/03\/42eba8.webp\" alt=\"Finnmaster Boats\" \/>\n        <\/picture>\n    <\/div>\n\n    <div class=\"Box block w-full lg:w-[40%] relative aspect-square \">\n        <div\n            class=\"flex flex-col justify-between w-full p-10 min-h-[25rem] h-full\"\n            style=\"\n                clip-path:polygon(0 0,calc(100% - 64px) 0,100% 64px, 100% 0,100% 100%,0 100%);\n                -webkit-clip-path: polygon(0 0,calc(100% - 64px) 0,100% 64px, 100% 0,100% 100%,0 100%);\"\n        >\n            <div class=\"flex flex-col justify-between z-10  w-full h-full\">\n                <div class=\"\">\n                    <div class=\"Title h3 text-white\">Vahvat perinteet, moderni muotoilu<\/div>\n                <\/div>\n                <div\n                    class=\"w-auto bg-custom-dark absolute right-0 bottom-0 pl-16 pr-8 py-4\"\n                    style=\"\n                    clip-path:polygon(0 100%,20% 0,100% 0, 100% 0,100% 100%,0 100%);\n                    -webkit-clip-path: polygon(0 100%,20% 0,100% 0, 100% 0,100% 100%,0 100%);\"\n                >\n                    <a\n    href=\"https:\/\/finnmaster.fi\/meista\/\"\n    alt=\"\"\n    target=\"\"\n    class=\"text-link hover:text-link-hover font-bold p-small flex items-center group relative \"\n>\n    <span class=\" font-bold pr-12 text-base  text-white\">Meist\u00e4<\/span>\n        <span class=\"absolute right-0  mr-2 group-hover:-mr-0 transition-all text-custom-red\"><svg xmlns=\"http:\/\/www.w3.org\/2000\/svg\" fill=\"none\" viewBox=\"0 0 24 24\" stroke-width=\"1.5\" stroke=\"currentColor\" class=\"w-8 h-8\">\n  <path stroke-linecap=\"round\" stroke-linejoin=\"round\" d=\"M17.25 8.25 21 12m0 0-3.75 3.75M21 12H3\" \/>\n<\/svg>\n<\/span>\n    <\/a>\n                <\/div>\n            <\/div>\n            <picture class=\"aspect-square\">\n                \n                <source\n                    srcset=\"\n                                                            https:\/\/finnmaster.fi\/app\/uploads\/2024\/03\/71ac5f-150x150.webp 150w,\n                                                            https:\/\/finnmaster.fi\/app\/uploads\/2024\/03\/71ac5f-279x300.webp 279w,\n                                                            https:\/\/finnmaster.fi\/app\/uploads\/2024\/03\/71ac5f.webp 526w,\n                                                            https:\/\/finnmaster.fi\/app\/uploads\/2024\/03\/71ac5f.webp 526w,\n                                                            https:\/\/finnmaster.fi\/app\/uploads\/2024\/03\/71ac5f.webp 526w,\n                                                            https:\/\/finnmaster.fi\/app\/uploads\/2024\/03\/71ac5f.webp 526w,\n                                                    \"\n                \/>\n                <img decoding=\"async\" class=\"h-full w-full object-cover absolute top-0 left-0 bottom-0 right-0\" src=\"https:\/\/finnmaster.fi\/app\/uploads\/2024\/03\/71ac5f.webp\" alt=\"Finnmaster Boats\" \/>\n            <\/picture>\n                        <span class=\"absolute left-0 right-0 bottom-0 top-0 block bg-custom-red opacity-75\" ><\/span>\n        <\/div>\n    <\/div>\n<\/div>\n","protected":false},"excerpt":{"rendered":"<p>Avoimet ty\u00f6paikat (0)<\/p>\n","protected":false},"author":1,"featured_media":0,"parent":0,"menu_order":0,"comment_status":"closed","ping_status":"closed","template":"","meta":{"_acf_changed":false,"_improvement_type_select":"improve_an_existing","_thumb_yes_seoaic":false,"_frame_yes_seoaic":false,"seoaic_generate_description":"","seoaic_improve_instructions_prompt":"","seoaic_rollback_content_improvement":"","seoaic_idea_thumbnail_generator":"","thumbnail_generated":false,"thumbnail_generate_prompt":"","seoaic_article_description":"","footnotes":""},"class_list":["post-1541","page","type-page","status-publish","hentry"],"acf":[],"yoast_head":"<!-- This site is optimized with the Yoast SEO plugin v27.1.1 - https:\/\/yoast.com\/product\/yoast-seo-wordpress\/ -->\n<title>Ty\u00f6paikat - liity miehist\u00f6\u00f6n - Finnmaster-veneet<\/title>\n<meta name=\"robots\" content=\"index, follow, max-snippet:-1, max-image-preview:large, max-video-preview:-1\" \/>\n<link rel=\"canonical\" href=\"https:\/\/finnmaster.web.mediasignal.dev\/fi\/careers\/\" \/>\n<meta property=\"og:locale\" content=\"fi_FI\" \/>\n<meta property=\"og:type\" content=\"article\" \/>\n<meta property=\"og:title\" content=\"Ty\u00f6paikat - liity miehist\u00f6\u00f6n - Finnmaster-veneet\" \/>\n<meta property=\"og:description\" content=\"Avoimet ty\u00f6paikat (0)\" \/>\n<meta property=\"og:url\" content=\"https:\/\/finnmaster.web.mediasignal.dev\/fi\/careers\/\" \/>\n<meta property=\"og:site_name\" content=\"Finnmaster-veneet\" \/>\n<meta property=\"article:modified_time\" content=\"2024-03-27T11:48:16+00:00\" \/>\n<meta name=\"twitter:card\" content=\"summary_large_image\" \/>\n<meta name=\"twitter:label1\" content=\"Arvioitu lukuaika\" \/>\n\t<meta name=\"twitter:data1\" content=\"1 minuutti\" \/>\n<script type=\"application\/ld+json\" class=\"yoast-schema-graph\">{\"@context\":\"https:\/\/schema.org\",\"@graph\":[{\"@type\":\"WebPage\",\"@id\":\"https:\/\/finnmaster.web.mediasignal.dev\/fi\/careers\/\",\"url\":\"https:\/\/finnmaster.web.mediasignal.dev\/fi\/careers\/\",\"name\":\"Ty\u00f6paikat - liity miehist\u00f6\u00f6n - Finnmaster-veneet\",\"isPartOf\":{\"@id\":\"https:\/\/finnmaster.fi\/#website\"},\"datePublished\":\"2024-03-05T09:44:28+00:00\",\"dateModified\":\"2024-03-27T11:48:16+00:00\",\"breadcrumb\":{\"@id\":\"https:\/\/finnmaster.web.mediasignal.dev\/fi\/careers\/#breadcrumb\"},\"inLanguage\":\"fi\",\"potentialAction\":[{\"@type\":\"ReadAction\",\"target\":[\"https:\/\/finnmaster.web.mediasignal.dev\/fi\/careers\/\"]}]},{\"@type\":\"BreadcrumbList\",\"@id\":\"https:\/\/finnmaster.web.mediasignal.dev\/fi\/careers\/#breadcrumb\",\"itemListElement\":[{\"@type\":\"ListItem\",\"position\":1,\"name\":\"Home\",\"item\":\"https:\/\/finnmaster.fi\/fi\/\"},{\"@type\":\"ListItem\",\"position\":2,\"name\":\"Ty\u00f6paikat &#8211; liity miehist\u00f6\u00f6n\"}]},{\"@type\":\"WebSite\",\"@id\":\"https:\/\/finnmaster.fi\/#website\",\"url\":\"https:\/\/finnmaster.fi\/\",\"name\":\"Finnmaster-veneet\",\"description\":\"High-class Power Boats\",\"potentialAction\":[{\"@type\":\"SearchAction\",\"target\":{\"@type\":\"EntryPoint\",\"urlTemplate\":\"https:\/\/finnmaster.fi\/?s={search_term_string}\"},\"query-input\":{\"@type\":\"PropertyValueSpecification\",\"valueRequired\":true,\"valueName\":\"search_term_string\"}}],\"inLanguage\":\"fi\"}]}<\/script>\n<!-- \/ Yoast SEO plugin. -->","yoast_head_json":{"title":"Ty\u00f6paikat - liity miehist\u00f6\u00f6n - Finnmaster-veneet","robots":{"index":"index","follow":"follow","max-snippet":"max-snippet:-1","max-image-preview":"max-image-preview:large","max-video-preview":"max-video-preview:-1"},"canonical":"https:\/\/finnmaster.web.mediasignal.dev\/fi\/careers\/","og_locale":"fi_FI","og_type":"article","og_title":"Ty\u00f6paikat - liity miehist\u00f6\u00f6n - Finnmaster-veneet","og_description":"Avoimet ty\u00f6paikat (0)","og_url":"https:\/\/finnmaster.web.mediasignal.dev\/fi\/careers\/","og_site_name":"Finnmaster-veneet","article_modified_time":"2024-03-27T11:48:16+00:00","twitter_card":"summary_large_image","twitter_misc":{"Arvioitu lukuaika":"1 minuutti"},"schema":{"@context":"https:\/\/schema.org","@graph":[{"@type":"WebPage","@id":"https:\/\/finnmaster.web.mediasignal.dev\/fi\/careers\/","url":"https:\/\/finnmaster.web.mediasignal.dev\/fi\/careers\/","name":"Ty\u00f6paikat - liity miehist\u00f6\u00f6n - Finnmaster-veneet","isPartOf":{"@id":"https:\/\/finnmaster.fi\/#website"},"datePublished":"2024-03-05T09:44:28+00:00","dateModified":"2024-03-27T11:48:16+00:00","breadcrumb":{"@id":"https:\/\/finnmaster.web.mediasignal.dev\/fi\/careers\/#breadcrumb"},"inLanguage":"fi","potentialAction":[{"@type":"ReadAction","target":["https:\/\/finnmaster.web.mediasignal.dev\/fi\/careers\/"]}]},{"@type":"BreadcrumbList","@id":"https:\/\/finnmaster.web.mediasignal.dev\/fi\/careers\/#breadcrumb","itemListElement":[{"@type":"ListItem","position":1,"name":"Home","item":"https:\/\/finnmaster.fi\/fi\/"},{"@type":"ListItem","position":2,"name":"Ty\u00f6paikat &#8211; liity miehist\u00f6\u00f6n"}]},{"@type":"WebSite","@id":"https:\/\/finnmaster.fi\/#website","url":"https:\/\/finnmaster.fi\/","name":"Finnmaster-veneet","description":"High-class Power Boats","potentialAction":[{"@type":"SearchAction","target":{"@type":"EntryPoint","urlTemplate":"https:\/\/finnmaster.fi\/?s={search_term_string}"},"query-input":{"@type":"PropertyValueSpecification","valueRequired":true,"valueName":"search_term_string"}}],"inLanguage":"fi"}]}},"_links":{"self":[{"href":"https:\/\/finnmaster.fi\/fi\/wp-json\/wp\/v2\/pages\/1541","targetHints":{"allow":["GET"]}}],"collection":[{"href":"https:\/\/finnmaster.fi\/fi\/wp-json\/wp\/v2\/pages"}],"about":[{"href":"https:\/\/finnmaster.fi\/fi\/wp-json\/wp\/v2\/types\/page"}],"author":[{"embeddable":true,"href":"https:\/\/finnmaster.fi\/fi\/wp-json\/wp\/v2\/users\/1"}],"replies":[{"embeddable":true,"href":"https:\/\/finnmaster.fi\/fi\/wp-json\/wp\/v2\/comments?post=1541"}],"version-history":[{"count":8,"href":"https:\/\/finnmaster.fi\/fi\/wp-json\/wp\/v2\/pages\/1541\/revisions"}],"predecessor-version":[{"id":4018,"href":"https:\/\/finnmaster.fi\/fi\/wp-json\/wp\/v2\/pages\/1541\/revisions\/4018"}],"wp:attachment":[{"href":"https:\/\/finnmaster.fi\/fi\/wp-json\/wp\/v2\/media?parent=1541"}],"curies":[{"name":"wp","href":"https:\/\/api.w.org\/{rel}","templated":true}]}}